{"id":891,"date":"2024-07-24T13:05:55","date_gmt":"2024-07-24T11:05:55","guid":{"rendered":"https:\/\/westlocason.com\/?post_type=product&#038;p=891"},"modified":"2024-08-07T14:18:59","modified_gmt":"2024-08-07T12:18:59","slug":"fun-generation-separ-quad-led-rgbw-ir","status":"publish","type":"product","link":"https:\/\/westlocason.com\/index.php\/produit\/fun-generation-separ-quad-led-rgbw-ir\/","title":{"rendered":"Fun Generation SePar Quad LED RGBW IR"},"content":{"rendered":"<div class=\"text-original js-prod-text-original\">\n<p><iframe title=\"SePar Quad LED RGB UV IR\" width=\"800\" height=\"450\" src=\"https:\/\/www.youtube.com\/embed\/KGCM-48XXTM?feature=oembed\" frameborder=\"0\" allow=\"accelerometer; autoplay; clipboard-write; encrypted-media; gyroscope; picture-in-picture; web-share\" referrerpolicy=\"strict-origin-when-cross-origin\" allowfullscreen><\/iframe><\/p>\n<h2 class=\"fx-headline fx-headline--3 fx-space-bottom--m\">PAR plat \u00e0 LEDs<\/h2>\n<ul class=\"fx-list product-text__list\">\n<li class=\"fx-list__item list-item fx-list__item--circle\"><span class=\"fx-text fx-text--plus list-item__text\">Source: 5 LEDs 4-en-1 RGBW de 4 Watt<\/span><\/li>\n<li class=\"fx-list__item list-item fx-list__item--circle\"><span class=\"fx-text fx-text--plus list-item__text\">Couleurs: Rouge, vert, bleu, blanc<\/span><\/li>\n<li class=\"fx-list__item list-item fx-list__item--circle\"><span class=\"fx-text fx-text--plus list-item__text\">Angle de diffusion: 20\u00b0<\/span><\/li>\n<li class=\"fx-list__item list-item fx-list__item--circle\"><span class=\"fx-text fx-text--plus list-item__text\">Modes DMX-512: 2, 4, 6 ou 8 canaux<\/span><\/li>\n<li class=\"fx-list__item list-item fx-list__item--circle\"><span class=\"fx-text fx-text--plus list-item__text\">Contr\u00f4le musique gr\u00e2ce au micro int\u00e9gr\u00e9<\/span><\/li>\n<li class=\"fx-list__item list-item fx-list__item--circle\"><span class=\"fx-text fx-text--plus list-item__text\">Sensibilit\u00e9 du micro r\u00e9glable<\/span><\/li>\n<li class=\"fx-list__item list-item fx-list__item--circle\"><span class=\"fx-text fx-text--plus list-item__text\">Mode automatique<\/span><\/li>\n<li class=\"fx-list__item list-item fx-list__item--circle\"><span class=\"fx-text fx-text--plus list-item__text\">11 programmes s\u00e9lectionnables<\/span><\/li>\n<li class=\"fx-list__item list-item fx-list__item--circle\"><span class=\"fx-text fx-text--plus list-item__text\">Fonction ma\u00eetre\/esclave<\/span><\/li>\n<li class=\"fx-list__item list-item fx-list__item--circle\"><span class=\"fx-text fx-text--plus list-item__text\">Couleurs fixes r\u00e9glables via l&rsquo;\u00e9cran int\u00e9gr\u00e9<\/span><\/li>\n<li class=\"fx-list__item list-item fx-list__item--circle\"><span class=\"fx-text fx-text--plus list-item__text\">Capteur infrarouge pour t\u00e9l\u00e9commande<\/span><\/li>\n<li class=\"fx-list__item list-item fx-list__item--circle\"><span class=\"fx-text fx-text--plus list-item__text\">Entr\u00e9e et sortie DMX sur XLR 3 broches<\/span><\/li>\n<li class=\"fx-list__item list-item fx-list__item--circle\"><span class=\"fx-text fx-text--plus list-item__text\">Entr\u00e9e et sortie \u00e9lectrique CEI<\/span><\/li>\n<li class=\"fx-list__item list-item fx-list__item--circle\"><span class=\"fx-text fx-text--plus list-item__text\">C\u00e2ble \u00e9lectrique d&rsquo;env. 1,5 m<\/span><\/li>\n<li class=\"fx-list__item list-item fx-list__item--circle\"><span class=\"fx-text fx-text--plus list-item__text\">Sans ventilateur<\/span><\/li>\n<li class=\"fx-list__item list-item fx-list__item--circle\"><span class=\"fx-text fx-text--plus list-item__text\">Alimentation: AC 100\/240 V, 50\/60 Hz<\/span><\/li>\n<li class=\"fx-list__item list-item fx-list__item--circle\"><span class=\"fx-text fx-text--plus list-item__text\">Consommation max.: 20 Watt<\/span><\/li>\n<li class=\"fx-list__item list-item fx-list__item--circle\"><span class=\"fx-text fx-text--plus list-item__text\">Double \u00e9trier pour installation sur traverse ou utilisation au sol<\/span><\/li>\n<li class=\"fx-list__item list-item fx-list__item--circle\"><span class=\"fx-text fx-text--plus list-item__text\">Pieds en caoutchouc pour utilisation verticale<\/span><\/li>\n<li class=\"fx-list__item list-item fx-list__item--circle\"><span class=\"fx-text fx-text--plus list-item__text\">Dimensions sans \u00e9trier: 180 x 175 x 114 mm<\/span><\/li>\n<li class=\"fx-list__item list-item fx-list__item--circle\"><span class=\"fx-text fx-text--plus list-item__text\">Dimensions avec \u00e9trier: 228 x 227 x 112 mm<\/span><\/li>\n<li class=\"fx-list__item list-item fx-list__item--circle\"><span class=\"fx-text fx-text--plus list-item__text\">Poids: 1,10 kg<\/span><\/li>\n<\/ul>\n<\/div>\n","protected":false},"excerpt":{"rendered":"<p>PAR plat \u00e0 LEDs Source: 5 LEDs 4-en-1 RGBW de 4 Watt Couleurs: Rouge, vert, bleu, blanc Angle de diffusion: 20\u00b0 Modes DMX-512: 2, 4, 6 ou 8 canaux Contr\u00f4le musique gr\u00e2ce au micro int\u00e9gr\u00e9 Sensibilit\u00e9 du micro r\u00e9glable Mode automatique 11 programmes s\u00e9lectionnables Fonction ma\u00eetre\/esclave Couleurs fixes r\u00e9glables via l&rsquo;\u00e9cran int\u00e9gr\u00e9 Capteur infrarouge pour [&hellip;]<\/p>\n","protected":false},"featured_media":892,"comment_status":"open","ping_status":"closed","template":"","meta":[],"product_brand":[],"product_cat":[18],"product_tag":[],"class_list":{"0":"post-891","1":"product","2":"type-product","3":"status-publish","4":"has-post-thumbnail","6":"product_cat-lumiere","8":"first","9":"instock","10":"shipping-taxable","11":"purchasable","12":"product-type-simple"},"_links":{"self":[{"href":"https:\/\/westlocason.com\/index.php\/wp-json\/wp\/v2\/product\/891","targetHints":{"allow":["GET"]}}],"collection":[{"href":"https:\/\/westlocason.com\/index.php\/wp-json\/wp\/v2\/product"}],"about":[{"href":"https:\/\/westlocason.com\/index.php\/wp-json\/wp\/v2\/types\/product"}],"replies":[{"embeddable":true,"href":"https:\/\/westlocason.com\/index.php\/wp-json\/wp\/v2\/comments?post=891"}],"wp:featuredmedia":[{"embeddable":true,"href":"https:\/\/westlocason.com\/index.php\/wp-json\/wp\/v2\/media\/892"}],"wp:attachment":[{"href":"https:\/\/westlocason.com\/index.php\/wp-json\/wp\/v2\/media?parent=891"}],"wp:term":[{"taxonomy":"product_brand","embeddable":true,"href":"https:\/\/westlocason.com\/index.php\/wp-json\/wp\/v2\/product_brand?post=891"},{"taxonomy":"product_cat","embeddable":true,"href":"https:\/\/westlocason.com\/index.php\/wp-json\/wp\/v2\/product_cat?post=891"},{"taxonomy":"product_tag","embeddable":true,"href":"https:\/\/westlocason.com\/index.php\/wp-json\/wp\/v2\/product_tag?post=891"}],"curies":[{"name":"wp","href":"https:\/\/api.w.org\/{rel}","templated":true}]}}