{"id":889,"date":"2024-07-24T13:03:31","date_gmt":"2024-07-24T11:03:31","guid":{"rendered":"https:\/\/westlocason.com\/?post_type=product&#038;p=889"},"modified":"2024-08-07T14:19:44","modified_gmt":"2024-08-07T12:19:44","slug":"algam-lighting-bar-wash-36-ii-barre-led-12-x-3w-rgb","status":"publish","type":"product","link":"https:\/\/westlocason.com\/index.php\/produit\/algam-lighting-bar-wash-36-ii-barre-led-12-x-3w-rgb\/","title":{"rendered":"ALGAM LIGHTING &#8211; BAR WASH 36 II &#8211; Barre LED 12 x 3W RGB"},"content":{"rendered":"<div id=\"idTab1\" class=\"rte\">\n<p><iframe title=\"Algam Lighting - BARWASH 36\" width=\"800\" height=\"450\" src=\"https:\/\/www.youtube.com\/embed\/yoXxPhS-ZHM?feature=oembed\" frameborder=\"0\" allow=\"accelerometer; autoplay; clipboard-write; encrypted-media; gyroscope; picture-in-picture; web-share\" referrerpolicy=\"strict-origin-when-cross-origin\" allowfullscreen><\/iframe><\/p>\n<p><strong>ALGAM LIGHTING\u00a0&#8211; BAR WASH 36 II &#8211; Barre LED 12 x 3W RGB<\/strong><\/p>\n<p>Con\u00e7ue pour r\u00e9pondre \u00e0 une large palette d&rsquo;applications d&rsquo;\u00e9clairage, la barre RGB BARWASH 36 II est le syst\u00e8me lumi\u00e8re polyvalent indispensable pour dynamiser toutes vos soir\u00e9es et vos prestations. Avec ses 12 LED RGB de 3W pilotables individuellement en trois groupes de quatre LED, associ\u00e9es aux trois modes de contr\u00f4le DMX et \u00e0 des modes automatiques impressionnants, la BARWASH 36 II est une barre Wash ludique, id\u00e9ale pour cr\u00e9er des shows lumi\u00e8re dynamiques et impressionnants.<\/p>\n<p>Un \u00e9clairage statique incontournable.<br \/>\nLes barres d&rsquo;\u00e9clairage LED sont des syst\u00e8mes lumi\u00e8re tr\u00e8s polyvalents, que l&rsquo;on retrouve dans de nombreuses applications, de l&rsquo;\u00e9clairage mural aux animations de sc\u00e8ne. Parfaites pour cr\u00e9er des ambiances en association avec une machine \u00e0 fum\u00e9e, la BARWASH36 II et ses 12 LED Wash RGB poss\u00e9dant un angle de d\u00e9part de 42\u00b0 dispose de 3 modes de contr\u00f4le DMX permettant de piloter avec pr\u00e9cision votre barre LED, et d&rsquo;une large s\u00e9lection de programmes automatiques et de d\u00e9tection musicale pour mettre l&rsquo;ambiance en toute simplicit\u00e9 !<\/p>\n<p>Cr\u00e9ez le show lumi\u00e8re qui vous correspond !<br \/>\nLa BARWASH 36 II est le syst\u00e8me lumi\u00e8re id\u00e9al pour r\u00e9pondre \u00e0 un grand nombre d&rsquo;applications d&rsquo;\u00e9clairage, en particulier gr\u00e2ce aux nombreux modes de fonctionnement mis \u00e0 votre disposition. Au-del\u00e0 des modes de lumi\u00e8re statiques et des diff\u00e9rents modes automatiques classiques ou \u00e0 d\u00e9tection audio activable \u00e0 partir de la t\u00e9l\u00e9commande, la BARWASH 36 II dispose de 3 zones de contr\u00f4le de 4 LED chacune, pilotables ind\u00e9pendamment en couleur et intensit\u00e9 en DMX : une solution parfaite pour cr\u00e9er vos propres ambiances ou un effet chenillard des plus percutants !<\/p>\n<p>Une interface compl\u00e8te et efficace.<br \/>\nLe BARWASH 36 II pr\u00e9sente une interface concentrant l&rsquo;essentiel des fonctions de contr\u00f4le, comprenant un \u00e9cran LCD associ\u00e9 \u00e0 4 boutons de r\u00e9glage pour modifier l&rsquo;ensemble des param\u00e8tres cl\u00e9 de la machine. L&rsquo;interface de contr\u00f4le est compos\u00e9e d&rsquo;une entr\u00e9e et d&rsquo;une sortie DMX 3 points pour piloter la barre avec un contr\u00f4leur DMX, et d&rsquo;un micro pour capter la musique d&rsquo;ambiance et imprimer les pulsations de la musique en lumi\u00e8re lorsque l&rsquo;un des modes Auto D\u00e9tection Audio est s\u00e9lectionn\u00e9. Tr\u00e8s robuste gr\u00e2ce \u00e0 son ch\u00e2ssis en m\u00e9tal, la BARWASH 36 II est \u00e9quip\u00e9 d&rsquo;un double \u00e9trier r\u00e9glable, id\u00e9al pour une installation sur structure avec un crochet ou pour une installation au sol.<\/p>\n<p><strong>Caract\u00e9ristiques :<\/strong><\/p>\n<ul>\n<li>Type d&rsquo;usage : Soir\u00e9e, Ev\u00e8nement, Sc\u00e8ne<\/li>\n<li>Specs compl\u00e9mentaires :<\/li>\n<li>Sources lumineuses : 12 x LED 3W RGB (3 groupes de 4)<\/li>\n<li>Angle des faisceaux : 42\u00b0<\/li>\n<li>Modes : Auto, Musical et DMX<\/li>\n<li>Nombre de canaux DMX : 3, 5 ou 13<\/li>\n<li>Entr\u00e9e\/sortie DMX : XLR 3 points<\/li>\n<li>Affichage : \u00e9cran num\u00e9rique avec 4 boutons de commande<\/li>\n<li>Ch\u00e2ssis : acier<\/li>\n<li>Tension d&rsquo;alimentation : 100-240V 50\/60 Hz<\/li>\n<li>Consommation \u00e9lectrique\u00a0: 36W<\/li>\n<li>Poids et dimensions\u00a0: 2,8 kg, 1000 x 51 x 157 mm<\/li>\n<li>Indice de protection : IP20 (usage en int\u00e9rieur)<\/li>\n<li>Livr\u00e9 avec c\u00e2ble d\u2019alimentation et velcro attache-c\u00e2ble, double lyre d\u2019accroche et t\u00e9l\u00e9commande IR<\/li>\n<\/ul>\n<\/div>\n","protected":false},"excerpt":{"rendered":"<p>ALGAM LIGHTING\u00a0&#8211; BAR WASH 36 II &#8211; Barre LED 12 x 3W RGB Con\u00e7ue pour r\u00e9pondre \u00e0 une large palette d&rsquo;applications d&rsquo;\u00e9clairage, la barre RGB BARWASH 36 II est le syst\u00e8me lumi\u00e8re polyvalent indispensable pour dynamiser toutes vos soir\u00e9es et vos prestations. Avec ses 12 LED RGB de 3W pilotables individuellement en trois groupes de [&hellip;]<\/p>\n","protected":false},"featured_media":890,"comment_status":"open","ping_status":"closed","template":"","meta":[],"product_brand":[],"product_cat":[18],"product_tag":[],"class_list":{"0":"post-889","1":"product","2":"type-product","3":"status-publish","4":"has-post-thumbnail","6":"product_cat-lumiere","8":"first","9":"instock","10":"shipping-taxable","11":"purchasable","12":"product-type-simple"},"_links":{"self":[{"href":"https:\/\/westlocason.com\/index.php\/wp-json\/wp\/v2\/product\/889","targetHints":{"allow":["GET"]}}],"collection":[{"href":"https:\/\/westlocason.com\/index.php\/wp-json\/wp\/v2\/product"}],"about":[{"href":"https:\/\/westlocason.com\/index.php\/wp-json\/wp\/v2\/types\/product"}],"replies":[{"embeddable":true,"href":"https:\/\/westlocason.com\/index.php\/wp-json\/wp\/v2\/comments?post=889"}],"wp:featuredmedia":[{"embeddable":true,"href":"https:\/\/westlocason.com\/index.php\/wp-json\/wp\/v2\/media\/890"}],"wp:attachment":[{"href":"https:\/\/westlocason.com\/index.php\/wp-json\/wp\/v2\/media?parent=889"}],"wp:term":[{"taxonomy":"product_brand","embeddable":true,"href":"https:\/\/westlocason.com\/index.php\/wp-json\/wp\/v2\/product_brand?post=889"},{"taxonomy":"product_cat","embeddable":true,"href":"https:\/\/westlocason.com\/index.php\/wp-json\/wp\/v2\/product_cat?post=889"},{"taxonomy":"product_tag","embeddable":true,"href":"https:\/\/westlocason.com\/index.php\/wp-json\/wp\/v2\/product_tag?post=889"}],"curies":[{"name":"wp","href":"https:\/\/api.w.org\/{rel}","templated":true}]}}