{"id":883,"date":"2024-07-24T12:52:57","date_gmt":"2024-07-24T10:52:57","guid":{"rendered":"https:\/\/westlocason.com\/?post_type=product&#038;p=883"},"modified":"2024-08-07T14:21:03","modified_gmt":"2024-08-07T12:21:03","slug":"tour-stage-platform-1x0-5-cptw","status":"publish","type":"product","link":"https:\/\/westlocason.com\/index.php\/produit\/tour-stage-platform-1x0-5-cptw\/","title":{"rendered":"Tour Stage Platform 1&#215;0.5 CPTW"},"content":{"rendered":"<ul class=\"fx-list product-text__list\">\n<li class=\"fx-list__item list-item fx-list__item--circle\"><span class=\"fx-text fx-text--plus list-item__text\">Praticable de sc\u00e8ne l\u00e9ger et extr\u00eamement stable avec moquette sur la surface sup\u00e9rieure du praticable<\/span><\/li>\n<li class=\"fx-list__item list-item fx-list__item--circle\"><span class=\"fx-text fx-text--plus list-item__text\">Id\u00e9al comme \u00e9l\u00e9vateur de batterie et pour tous les types de plateformes de sc\u00e8ne sur sc\u00e8ne.<\/span><\/li>\n<li class=\"fx-list__item list-item fx-list__item--circle\"><span class=\"fx-text fx-text--plus list-item__text\">Compatible avec tous les produits Tourstage<\/span><\/li>\n<li class=\"fx-list__item list-item fx-list__item--circle\"><span class=\"fx-text fx-text--plus list-item__text\">Dispose de toutes les caract\u00e9ristiques pour la construction de sc\u00e8nes de toutes sortes, que ce soit en tant que podium pour groupes, orchestres et musiciens, ou m\u00eame pour le th\u00e9\u00e2tre et comme estrade de salle de conf\u00e9rence<\/span><\/li>\n<li class=\"fx-list__item list-item fx-list__item--circle\"><span class=\"fx-text fx-text--plus list-item__text\">Une manipulation facile et un profil ergonomique rendent la construction des sc\u00e8nes plus agr\u00e9able et plus efficace<\/span><\/li>\n<li class=\"fx-list__item list-item fx-list__item--circle\"><span class=\"fx-text fx-text--plus list-item__text\">@Dimensions : 100 x 50 x 9 cm<\/span><\/li>\n<li class=\"fx-list__item list-item fx-list__item--circle\"><span class=\"fx-text fx-text--plus list-item__text\">Surface : moquette (pour usage int\u00e9rieur)<\/span><\/li>\n<li class=\"fx-list__item list-item fx-list__item--circle\"><span class=\"fx-text fx-text--plus list-item__text\">Charge max : 750 kg \/ m\u00b2<\/span><\/li>\n<li class=\"fx-list__item list-item fx-list__item--circle\"><span class=\"fx-text fx-text--plus list-item__text\">Support de pied enfichable : 60 x 60 mm<\/span><\/li>\n<li class=\"fx-list__item list-item fx-list__item--circle\"><span class=\"fx-text fx-text--plus list-item__text\">Poids : 12 kg<\/span><\/li>\n<\/ul>\n","protected":false},"excerpt":{"rendered":"<p>Praticable de sc\u00e8ne l\u00e9ger et extr\u00eamement stable avec moquette sur la surface sup\u00e9rieure du praticable Id\u00e9al comme \u00e9l\u00e9vateur de batterie et pour tous les types de plateformes de sc\u00e8ne sur sc\u00e8ne. Compatible avec tous les produits Tourstage Dispose de toutes les caract\u00e9ristiques pour la construction de sc\u00e8nes de toutes sortes, que ce soit en tant [&hellip;]<\/p>\n","protected":false},"featured_media":884,"comment_status":"open","ping_status":"closed","template":"","meta":[],"product_brand":[],"product_cat":[23],"product_tag":[],"class_list":{"0":"post-883","1":"product","2":"type-product","3":"status-publish","4":"has-post-thumbnail","6":"product_cat-structure","8":"first","9":"instock","10":"shipping-taxable","11":"purchasable","12":"product-type-simple"},"_links":{"self":[{"href":"https:\/\/westlocason.com\/index.php\/wp-json\/wp\/v2\/product\/883","targetHints":{"allow":["GET"]}}],"collection":[{"href":"https:\/\/westlocason.com\/index.php\/wp-json\/wp\/v2\/product"}],"about":[{"href":"https:\/\/westlocason.com\/index.php\/wp-json\/wp\/v2\/types\/product"}],"replies":[{"embeddable":true,"href":"https:\/\/westlocason.com\/index.php\/wp-json\/wp\/v2\/comments?post=883"}],"wp:featuredmedia":[{"embeddable":true,"href":"https:\/\/westlocason.com\/index.php\/wp-json\/wp\/v2\/media\/884"}],"wp:attachment":[{"href":"https:\/\/westlocason.com\/index.php\/wp-json\/wp\/v2\/media?parent=883"}],"wp:term":[{"taxonomy":"product_brand","embeddable":true,"href":"https:\/\/westlocason.com\/index.php\/wp-json\/wp\/v2\/product_brand?post=883"},{"taxonomy":"product_cat","embeddable":true,"href":"https:\/\/westlocason.com\/index.php\/wp-json\/wp\/v2\/product_cat?post=883"},{"taxonomy":"product_tag","embeddable":true,"href":"https:\/\/westlocason.com\/index.php\/wp-json\/wp\/v2\/product_tag?post=883"}],"curies":[{"name":"wp","href":"https:\/\/api.w.org\/{rel}","templated":true}]}}