{"id":879,"date":"2024-07-24T12:48:37","date_gmt":"2024-07-24T10:48:37","guid":{"rendered":"https:\/\/westlocason.com\/?post_type=product&#038;p=879"},"modified":"2024-08-07T14:22:29","modified_gmt":"2024-08-07T12:22:29","slug":"pangolin-quickshow-logiciel-laser-avec-interface-usb","status":"publish","type":"product","link":"https:\/\/westlocason.com\/index.php\/produit\/pangolin-quickshow-logiciel-laser-avec-interface-usb\/","title":{"rendered":"Pangolin Quickshow logiciel laser avec interface USB"},"content":{"rendered":"<h3 class=\"content-heading\">informations<\/h3>\n<p>Si vous poss\u00e9dez un laser compatible avec le protocole ILDA, un bon logiciel laser utilisant ce protocole est \u00e9galement indispensable. Pangolin Quickshow est un logiciel permettant de mettre en place et de concevoir des shows laser avec une grande facilit\u00e9. Il fait preuve d&rsquo;une excellente r\u00e9putation et notori\u00e9t\u00e9 dans le monde du laser en raison de sa simplicit\u00e9. L&rsquo;interface est facile \u00e0 comprendre et \u00e0 utiliser en vous proposant une gamme d&rsquo;options clairement d\u00e9finies, ce qui rend la conception de shows laser tr\u00e8s int\u00e9ressante. Quickshow est accompagn\u00e9 d&rsquo;une interface USB, ce qui vous permet de d\u00e9marrer imm\u00e9diatement.<\/p>\n<h4>Pangolin Quickshow : plug &amp; play pour applications simples<\/h4>\n<p>Pangolin Quickshow est l&rsquo;un des logiciels les plus appropri\u00e9s pour les installations fixes. Par l&rsquo;interm\u00e9diaire d&rsquo;un \u00e9cran tactile, d&rsquo;une souris ou d&rsquo;un clavier, les motifs et les effets peuvent \u00eatre s\u00e9lectionn\u00e9s sans effort. Ce logiciel est id\u00e9al pour les light jockey qui doivent faire fonctionner plusieurs lasers en m\u00eame temps. De nombreux motifs, shows, figures et animations sont disponibles en un seul clic.<\/p>\n<p>De plus, il est possible de d\u00e9clencher certaines figures ou effets via DMX, par l&rsquo;interm\u00e9diaire d&rsquo;une interface DMX. Par cons\u00e9quent, il vous est possible d\u2019enregistrer et d\u2019activer votre show laser quand vous le souhaitez. Le logiciel est \u00e9galement compatible MIDI.<\/p>\n<h4>Possibilit\u00e9s \u00e9tendues et zones de s\u00e9curit\u00e9<\/h4>\n<p>M\u00eame si vous employez un technicien en permanence, ou si vous voulez faire des shows laser vous-m\u00eame, vous ne serez pas \u00e0 court d&rsquo;options. Vous pouvez cr\u00e9er vos propres animations, mais aussi des shows complets bas\u00e9s sur une timeline, utiliser des g\u00e9n\u00e9rateurs de formes, des graphiques et projeter du texte.<\/p>\n<p>En outre, la s\u00e9curit\u00e9 de votre show laser a \u00e9t\u00e9 prise en consid\u00e9ration. C&rsquo;est un \u00e9l\u00e9ment qui fait souvent d\u00e9faut dans les logiciels un peu plus simples et moins chers. Par exemple, il est possible de cr\u00e9er des zones, ce qui est crucial si vous faites beaucoup de shows. La puissance des diodes laser est r\u00e9duite lorsque les faisceaux laser atteignent le public, ou sont m\u00eame \u00e9teints si n\u00e9cessaire. Cela vous permet de garantir une s\u00e9curit\u00e9 optimale pour votre public, quel que soit le lieu.<\/p>\n","protected":false},"excerpt":{"rendered":"<p>informations Si vous poss\u00e9dez un laser compatible avec le protocole ILDA, un bon logiciel laser utilisant ce protocole est \u00e9galement indispensable. Pangolin Quickshow est un logiciel permettant de mettre en place et de concevoir des shows laser avec une grande facilit\u00e9. Il fait preuve d&rsquo;une excellente r\u00e9putation et notori\u00e9t\u00e9 dans le monde du laser en [&hellip;]<\/p>\n","protected":false},"featured_media":880,"comment_status":"open","ping_status":"closed","template":"","meta":[],"product_brand":[],"product_cat":[18],"product_tag":[],"class_list":{"0":"post-879","1":"product","2":"type-product","3":"status-publish","4":"has-post-thumbnail","6":"product_cat-lumiere","8":"first","9":"instock","10":"shipping-taxable","11":"purchasable","12":"product-type-simple"},"_links":{"self":[{"href":"https:\/\/westlocason.com\/index.php\/wp-json\/wp\/v2\/product\/879","targetHints":{"allow":["GET"]}}],"collection":[{"href":"https:\/\/westlocason.com\/index.php\/wp-json\/wp\/v2\/product"}],"about":[{"href":"https:\/\/westlocason.com\/index.php\/wp-json\/wp\/v2\/types\/product"}],"replies":[{"embeddable":true,"href":"https:\/\/westlocason.com\/index.php\/wp-json\/wp\/v2\/comments?post=879"}],"wp:featuredmedia":[{"embeddable":true,"href":"https:\/\/westlocason.com\/index.php\/wp-json\/wp\/v2\/media\/880"}],"wp:attachment":[{"href":"https:\/\/westlocason.com\/index.php\/wp-json\/wp\/v2\/media?parent=879"}],"wp:term":[{"taxonomy":"product_brand","embeddable":true,"href":"https:\/\/westlocason.com\/index.php\/wp-json\/wp\/v2\/product_brand?post=879"},{"taxonomy":"product_cat","embeddable":true,"href":"https:\/\/westlocason.com\/index.php\/wp-json\/wp\/v2\/product_cat?post=879"},{"taxonomy":"product_tag","embeddable":true,"href":"https:\/\/westlocason.com\/index.php\/wp-json\/wp\/v2\/product_tag?post=879"}],"curies":[{"name":"wp","href":"https:\/\/api.w.org\/{rel}","templated":true}]}}