{"id":877,"date":"2024-07-24T12:46:27","date_gmt":"2024-07-24T10:46:27","guid":{"rendered":"https:\/\/westlocason.com\/?post_type=product&#038;p=877"},"modified":"2024-08-07T14:22:58","modified_gmt":"2024-08-07T12:22:58","slug":"shure-blx24e-sm58-k14-systeme-micro-sans-fil-614-638-mhz","status":"publish","type":"product","link":"https:\/\/westlocason.com\/index.php\/produit\/shure-blx24e-sm58-k14-systeme-micro-sans-fil-614-638-mhz\/","title":{"rendered":"Shure BLX24E\/SM58-K14 syst\u00e8me micro sans fil (614 &#8211; 638 MHz)"},"content":{"rendered":"<p>La s\u00e9rie Shure BLX est compos\u00e9e de diff\u00e9rents types d&rsquo;\u00e9metteurs et de r\u00e9cepteurs sans fil destin\u00e9s au chant, aux discours et \u00e0 la musique, tous propos\u00e9s \u00e0 un prix abordable. Ce syst\u00e8me micro sans fil comprend l&rsquo;\u00e9metteur BLX2 avec la capsule SM58 et le r\u00e9cepteur compact BLX4. Ce syst\u00e8me est facile \u00e0 utiliser et il fonctionne sur la bande de fr\u00e9quence UHF. L\u00e9ger mais tr\u00e8s robuste, il est id\u00e9al pour les musiciens et les ing\u00e9nieurs du son souvent en d\u00e9placement.<\/p>\n<h4>Shure BLX2 : \u00e9metteur sans fil avec capsule micro SM 58<\/h4>\n<p>Inutile de vous pr\u00e9senter le SM58, puisque l&rsquo;on retrouve ce micro un peu partout. Il offre d&rsquo;excellentes performances aussi bien pour le chant que les discours tout en \u00e9tant insensible aux larsens. La capsule micro Shure SM58 est mont\u00e9e sur l&rsquo;\u00e9metteur UHF BLX2. Il fournit une port\u00e9e maximale \u00e9quivalente \u00e0 90 m. Malgr\u00e9 son poids l\u00e9ger, ce micro s&rsquo;av\u00e8re \u00eatre tr\u00e8s solide. De plus, il fonctionne \u00e0 l&rsquo;aide de deux piles AA offrant une autonomie allant jusqu&rsquo;\u00e0 14 heures, ce qui devrait \u00eatre largement suffisant pour un passage sur sc\u00e8ne.<\/p>\n<h4>Shure BLX4 : r\u00e9cepteur<\/h4>\n<p>L&rsquo;\u00e9metteur du micro Shure BLX2 communique avec le r\u00e9cepteur sans fil Shure BLX4 int\u00e9gr\u00e9 dans ce syst\u00e8me. Le r\u00e9cepteur est tr\u00e8s compact et \u00e9quip\u00e9 d&rsquo;antennes internes puissantes. Vous n&rsquo;avez donc pas \u00e0 courir et \u00e0 l&rsquo;ajuster sans cesse dans l&rsquo;espoir d&rsquo;am\u00e9liorer la r\u00e9ception. Gr\u00e2ce \u00e0 la fonction Shure QuickScan, une connexion stable est automatiquement \u00e9tablie avec l\u2019\u00e9metteur portatif et une fr\u00e9quence disponible peut \u00e9galement \u00eatre trouv\u00e9e rapidement m\u00eame dans les environnements les plus encombr\u00e9s. De plus, le signal audio peut \u00eatre transmis \u00e0 une table de mixage gr\u00e2ce \u00e0 la sortie jack 6,35 mm ou XLR.<\/p>\n","protected":false},"excerpt":{"rendered":"<p>La s\u00e9rie Shure BLX est compos\u00e9e de diff\u00e9rents types d&rsquo;\u00e9metteurs et de r\u00e9cepteurs sans fil destin\u00e9s au chant, aux discours et \u00e0 la musique, tous propos\u00e9s \u00e0 un prix abordable. Ce syst\u00e8me micro sans fil comprend l&rsquo;\u00e9metteur BLX2 avec la capsule SM58 et le r\u00e9cepteur compact BLX4. Ce syst\u00e8me est facile \u00e0 utiliser et il [&hellip;]<\/p>\n","protected":false},"featured_media":878,"comment_status":"open","ping_status":"closed","template":"","meta":[],"product_brand":[],"product_cat":[20],"product_tag":[],"class_list":{"0":"post-877","1":"product","2":"type-product","3":"status-publish","4":"has-post-thumbnail","6":"product_cat-accessoires","8":"first","9":"instock","10":"shipping-taxable","11":"purchasable","12":"product-type-simple"},"_links":{"self":[{"href":"https:\/\/westlocason.com\/index.php\/wp-json\/wp\/v2\/product\/877","targetHints":{"allow":["GET"]}}],"collection":[{"href":"https:\/\/westlocason.com\/index.php\/wp-json\/wp\/v2\/product"}],"about":[{"href":"https:\/\/westlocason.com\/index.php\/wp-json\/wp\/v2\/types\/product"}],"replies":[{"embeddable":true,"href":"https:\/\/westlocason.com\/index.php\/wp-json\/wp\/v2\/comments?post=877"}],"wp:featuredmedia":[{"embeddable":true,"href":"https:\/\/westlocason.com\/index.php\/wp-json\/wp\/v2\/media\/878"}],"wp:attachment":[{"href":"https:\/\/westlocason.com\/index.php\/wp-json\/wp\/v2\/media?parent=877"}],"wp:term":[{"taxonomy":"product_brand","embeddable":true,"href":"https:\/\/westlocason.com\/index.php\/wp-json\/wp\/v2\/product_brand?post=877"},{"taxonomy":"product_cat","embeddable":true,"href":"https:\/\/westlocason.com\/index.php\/wp-json\/wp\/v2\/product_cat?post=877"},{"taxonomy":"product_tag","embeddable":true,"href":"https:\/\/westlocason.com\/index.php\/wp-json\/wp\/v2\/product_tag?post=877"}],"curies":[{"name":"wp","href":"https:\/\/api.w.org\/{rel}","templated":true}]}}