{"id":875,"date":"2024-07-24T12:42:35","date_gmt":"2024-07-24T10:42:35","guid":{"rendered":"https:\/\/westlocason.com\/?post_type=product&#038;p=875"},"modified":"2024-08-07T14:23:56","modified_gmt":"2024-08-07T12:23:56","slug":"stairville-vf-1200-dmx-vertifog-co2-fx","status":"publish","type":"product","link":"https:\/\/westlocason.com\/index.php\/produit\/stairville-vf-1200-dmx-vertifog-co2-fx\/","title":{"rendered":"Stairville VF-1200 DMX VertiFog CO2 FX"},"content":{"rendered":"<p><iframe title=\"Stairville VF-1200 DMX VertiFog Co2 FX | LightDrummer @DONIKKL\" width=\"800\" height=\"450\" src=\"https:\/\/www.youtube.com\/embed\/TXiriFKuFeM?feature=oembed\" frameborder=\"0\" allow=\"accelerometer; autoplay; clipboard-write; encrypted-media; gyroscope; picture-in-picture; web-share\" referrerpolicy=\"strict-origin-when-cross-origin\" allowfullscreen><\/iframe><\/p>\n<h2 class=\"fx-headline fx-headline--3 fx-space-bottom--m\">Machine \u00e0 brouillard verticale professionnelle<\/h2>\n<ul class=\"fx-list product-text__list\">\n<li class=\"fx-list__item list-item fx-list__item--circle\"><span class=\"fx-text fx-text--plus list-item__text\">Sortie de brouillard verticale ou horizontale<\/span><\/li>\n<li class=\"fx-list__item list-item fx-list__item--circle\"><span class=\"fx-text fx-text--plus list-item__text\">Syst\u00e8me de pompe sp\u00e9cial pour un brouillard d&rsquo;une hauteur maximale de 5 m<\/span><\/li>\n<li class=\"fx-list__item list-item fx-list__item--circle\"><span class=\"fx-text fx-text--plus list-item__text\">Diff\u00e9rents intervalles ou le volume du brouillard peut \u00eatre r\u00e9gl\u00e9 \u00e0 l&rsquo;aide de la commande filaire multifonctionnelle fournie<\/span><\/li>\n<li class=\"fx-list__item list-item fx-list__item--circle\"><span class=\"fx-text fx-text--plus list-item__text\">Livr\u00e9 avec la t\u00e9l\u00e9commande multifonctionnelle (minuterie, intervalle, volume)<\/span><\/li>\n<\/ul>\n<p class=\"fx-text fx-text--plus\"><span class=\"fx-text fx-text--bold\">Donn\u00e9es techniques :<\/span><\/p>\n<ul class=\"fx-list product-text__list\">\n<li class=\"fx-list__item list-item fx-list__item--circle\"><span class=\"fx-text fx-text--plus list-item__text\">Corp de chauffe : vaporisateur \u00e9lectronique de 1200 Watt<\/span><\/li>\n<li class=\"fx-list__item list-item fx-list__item--circle\"><span class=\"fx-text fx-text--plus list-item__text\">temps de pr\u00e9chauffage : environ 4 min.<\/span><\/li>\n<li class=\"fx-list__item list-item fx-list__item--circle\"><span class=\"fx-text fx-text--plus list-item__text\">Sortie continue maximale : environ 7 s<\/span><\/li>\n<li class=\"fx-list__item list-item fx-list__item--circle\"><span class=\"fx-text fx-text--plus list-item__text\">Temps de r\u00e9chauffement : environ 6 s<\/span><\/li>\n<li class=\"fx-list__item list-item fx-list__item--circle\"><span class=\"fx-text fx-text--plus list-item__text\">Consommation de liquide : environ 76 ml\/min<\/span><\/li>\n<li class=\"fx-list__item list-item fx-list__item--circle\"><span class=\"fx-text fx-text--plus list-item__text\">Volume de sortie : environ 150 m\u00b3 \/ min.<\/span><\/li>\n<li class=\"fx-list__item list-item fx-list__item--circle\"><span class=\"fx-text fx-text--plus list-item__text\">Distance de d\u00e9charge : environ 4-5 m<\/span><\/li>\n<li class=\"fx-list__item list-item fx-list__item--circle\"><span class=\"fx-text fx-text--plus list-item__text\">Capacit\u00e9 du r\u00e9servoir : 2,5 l<\/span><\/li>\n<li class=\"fx-list__item list-item fx-list__item--circle\"><span class=\"fx-text fx-text--plus list-item__text\">DMX-512 (1 canal)<\/span><\/li>\n<li class=\"fx-list__item list-item fx-list__item--circle\"><span class=\"fx-text fx-text--plus list-item__text\">Entr\u00e9e et sortie DMX : XLR 3 broches<\/span><\/li>\n<li class=\"fx-list__item list-item fx-list__item--circle\"><span class=\"fx-text fx-text--plus list-item__text\">Alimentation \u00e9lectrique : CA 230V, 50 Hz<\/span><\/li>\n<li class=\"fx-list__item list-item fx-list__item--circle\"><span class=\"fx-text fx-text--plus list-item__text\">Consommation \u00e9lectrique maximale : 1250 Watt<\/span><\/li>\n<li class=\"fx-list__item list-item fx-list__item--circle\"><span class=\"fx-text fx-text--plus list-item__text\">Dimensions (L x l x H) : 390 x 305 x 170 mm<\/span><\/li>\n<li class=\"fx-list__item list-item fx-list__item--circle\"><span class=\"fx-text fx-text--plus list-item__text\">Poids : 6,6 kg<\/span><\/li>\n<\/ul>\n","protected":false},"excerpt":{"rendered":"<p>Machine \u00e0 brouillard verticale professionnelle Sortie de brouillard verticale ou horizontale Syst\u00e8me de pompe sp\u00e9cial pour un brouillard d&rsquo;une hauteur maximale de 5 m Diff\u00e9rents intervalles ou le volume du brouillard peut \u00eatre r\u00e9gl\u00e9 \u00e0 l&rsquo;aide de la commande filaire multifonctionnelle fournie Livr\u00e9 avec la t\u00e9l\u00e9commande multifonctionnelle (minuterie, intervalle, volume) Donn\u00e9es techniques : Corp de [&hellip;]<\/p>\n","protected":false},"featured_media":876,"comment_status":"open","ping_status":"closed","template":"","meta":[],"product_brand":[],"product_cat":[22],"product_tag":[],"class_list":{"0":"post-875","1":"product","2":"type-product","3":"status-publish","4":"has-post-thumbnail","6":"product_cat-effets","8":"first","9":"instock","10":"shipping-taxable","11":"purchasable","12":"product-type-simple"},"_links":{"self":[{"href":"https:\/\/westlocason.com\/index.php\/wp-json\/wp\/v2\/product\/875","targetHints":{"allow":["GET"]}}],"collection":[{"href":"https:\/\/westlocason.com\/index.php\/wp-json\/wp\/v2\/product"}],"about":[{"href":"https:\/\/westlocason.com\/index.php\/wp-json\/wp\/v2\/types\/product"}],"replies":[{"embeddable":true,"href":"https:\/\/westlocason.com\/index.php\/wp-json\/wp\/v2\/comments?post=875"}],"wp:featuredmedia":[{"embeddable":true,"href":"https:\/\/westlocason.com\/index.php\/wp-json\/wp\/v2\/media\/876"}],"wp:attachment":[{"href":"https:\/\/westlocason.com\/index.php\/wp-json\/wp\/v2\/media?parent=875"}],"wp:term":[{"taxonomy":"product_brand","embeddable":true,"href":"https:\/\/westlocason.com\/index.php\/wp-json\/wp\/v2\/product_brand?post=875"},{"taxonomy":"product_cat","embeddable":true,"href":"https:\/\/westlocason.com\/index.php\/wp-json\/wp\/v2\/product_cat?post=875"},{"taxonomy":"product_tag","embeddable":true,"href":"https:\/\/westlocason.com\/index.php\/wp-json\/wp\/v2\/product_tag?post=875"}],"curies":[{"name":"wp","href":"https:\/\/api.w.org\/{rel}","templated":true}]}}