{"id":869,"date":"2024-07-24T12:37:22","date_gmt":"2024-07-24T10:37:22","guid":{"rendered":"https:\/\/westlocason.com\/?post_type=product&#038;p=869"},"modified":"2024-08-07T14:25:10","modified_gmt":"2024-08-07T12:25:10","slug":"jb-systems-challenger-bsw-lyre-led","status":"publish","type":"product","link":"https:\/\/westlocason.com\/index.php\/produit\/jb-systems-challenger-bsw-lyre-led\/","title":{"rendered":"JB systems Challenger BSW lyre LED"},"content":{"rendered":"<p><iframe title=\"JB-Systems CHALLENGER BSW, 150W Beam-Spot-Wash Movinglight\" width=\"800\" height=\"450\" src=\"https:\/\/www.youtube.com\/embed\/Uiy6ir8atHc?feature=oembed\" frameborder=\"0\" allow=\"accelerometer; autoplay; clipboard-write; encrypted-media; gyroscope; picture-in-picture; web-share\" referrerpolicy=\"strict-origin-when-cross-origin\" allowfullscreen><\/iframe><\/p>\n<h3 class=\"content-heading\">s<\/h3>\n<p>La lyre \u00e0 LED Challenger BSW de JB Systems est un mod\u00e8le polyvalent et de haute qualit\u00e9 qui sera parfaitement adapt\u00e9 pour r\u00e9pondre aux besoins des entreprises de location, des DJ et des clubs ainsi que pour de nombreuses applications sc\u00e9niques. Le contr\u00f4le DMX peut \u00eatre transmis \u00e0 l&rsquo;aide d&rsquo;un c\u00e2ble (XLR 3 et 5 broches) ou en sans fil gr\u00e2ce au dongle WTR-DMX (disponible en option). La mise au point, le zoom et le filtre frost sont motoris\u00e9s et contr\u00f4lables par DMX. En ce qui concerne la projection de motifs et de couleurs, cette lyre Challenger BSW dispose de roues de couleurs et de gobos (fixes et rotatifs). Pour b\u00e9n\u00e9ficier d&rsquo;encore plus de variations, un prisme \u00e0 3 facettes est disponible. Cette lyre peut \u00e9galement \u00eatre synchronis\u00e9e sur le rythme de la musique gr\u00e2ce au mode musical. Il s&rsquo;agit donc d&rsquo;un mod\u00e8le tr\u00e8s professionnel !<\/p>\n","protected":false},"excerpt":{"rendered":"<p>s La lyre \u00e0 LED Challenger BSW de JB Systems est un mod\u00e8le polyvalent et de haute qualit\u00e9 qui sera parfaitement adapt\u00e9 pour r\u00e9pondre aux besoins des entreprises de location, des DJ et des clubs ainsi que pour de nombreuses applications sc\u00e9niques. Le contr\u00f4le DMX peut \u00eatre transmis \u00e0 l&rsquo;aide d&rsquo;un c\u00e2ble (XLR 3 et [&hellip;]<\/p>\n","protected":false},"featured_media":870,"comment_status":"open","ping_status":"closed","template":"","meta":[],"product_brand":[],"product_cat":[18],"product_tag":[],"class_list":{"0":"post-869","1":"product","2":"type-product","3":"status-publish","4":"has-post-thumbnail","6":"product_cat-lumiere","8":"first","9":"instock","10":"shipping-taxable","11":"purchasable","12":"product-type-simple"},"_links":{"self":[{"href":"https:\/\/westlocason.com\/index.php\/wp-json\/wp\/v2\/product\/869","targetHints":{"allow":["GET"]}}],"collection":[{"href":"https:\/\/westlocason.com\/index.php\/wp-json\/wp\/v2\/product"}],"about":[{"href":"https:\/\/westlocason.com\/index.php\/wp-json\/wp\/v2\/types\/product"}],"replies":[{"embeddable":true,"href":"https:\/\/westlocason.com\/index.php\/wp-json\/wp\/v2\/comments?post=869"}],"wp:featuredmedia":[{"embeddable":true,"href":"https:\/\/westlocason.com\/index.php\/wp-json\/wp\/v2\/media\/870"}],"wp:attachment":[{"href":"https:\/\/westlocason.com\/index.php\/wp-json\/wp\/v2\/media?parent=869"}],"wp:term":[{"taxonomy":"product_brand","embeddable":true,"href":"https:\/\/westlocason.com\/index.php\/wp-json\/wp\/v2\/product_brand?post=869"},{"taxonomy":"product_cat","embeddable":true,"href":"https:\/\/westlocason.com\/index.php\/wp-json\/wp\/v2\/product_cat?post=869"},{"taxonomy":"product_tag","embeddable":true,"href":"https:\/\/westlocason.com\/index.php\/wp-json\/wp\/v2\/product_tag?post=869"}],"curies":[{"name":"wp","href":"https:\/\/api.w.org\/{rel}","templated":true}]}}