{"id":862,"date":"2024-07-24T12:28:17","date_gmt":"2024-07-24T10:28:17","guid":{"rendered":"https:\/\/westlocason.com\/?post_type=product&#038;p=862"},"modified":"2024-08-07T14:26:46","modified_gmt":"2024-08-07T12:26:46","slug":"hk-audio-polar-10","status":"publish","type":"product","link":"https:\/\/westlocason.com\/index.php\/produit\/hk-audio-polar-10\/","title":{"rendered":"HK Audio &#8211; Polar 10"},"content":{"rendered":"<div>Syst\u00e8me colonne amplifi\u00e9, puissance 2000W 126dB cr\u00e8te dot d&rsquo;un subwoofer 10&Prime;, de haut-parleur de m\u00e9dium 6&#215;3&Prime; n\u00e9odyme, haut-parleur d&rsquo;aigus de pr\u00e9cision 1&Prime;. Mixeur int\u00e9gr\u00e9 avec connexion bluetooth. Livr\u00e9 avec les housses de transport.<\/div>\n","protected":false},"excerpt":{"rendered":"<p>Syst\u00e8me colonne amplifi\u00e9, puissance 2000W 126dB cr\u00e8te dot d&rsquo;un subwoofer 10&Prime;, de haut-parleur de m\u00e9dium 6&#215;3&Prime; n\u00e9odyme, haut-parleur d&rsquo;aigus de pr\u00e9cision 1&Prime;. Mixeur int\u00e9gr\u00e9 avec connexion bluetooth. Livr\u00e9 avec les housses de transport.<\/p>\n","protected":false},"featured_media":863,"comment_status":"open","ping_status":"closed","template":"","meta":[],"product_brand":[],"product_cat":[21],"product_tag":[],"class_list":{"0":"post-862","1":"product","2":"type-product","3":"status-publish","4":"has-post-thumbnail","6":"product_cat-sonorisation","8":"first","9":"instock","10":"shipping-taxable","11":"purchasable","12":"product-type-simple"},"_links":{"self":[{"href":"https:\/\/westlocason.com\/index.php\/wp-json\/wp\/v2\/product\/862","targetHints":{"allow":["GET"]}}],"collection":[{"href":"https:\/\/westlocason.com\/index.php\/wp-json\/wp\/v2\/product"}],"about":[{"href":"https:\/\/westlocason.com\/index.php\/wp-json\/wp\/v2\/types\/product"}],"replies":[{"embeddable":true,"href":"https:\/\/westlocason.com\/index.php\/wp-json\/wp\/v2\/comments?post=862"}],"wp:featuredmedia":[{"embeddable":true,"href":"https:\/\/westlocason.com\/index.php\/wp-json\/wp\/v2\/media\/863"}],"wp:attachment":[{"href":"https:\/\/westlocason.com\/index.php\/wp-json\/wp\/v2\/media?parent=862"}],"wp:term":[{"taxonomy":"product_brand","embeddable":true,"href":"https:\/\/westlocason.com\/index.php\/wp-json\/wp\/v2\/product_brand?post=862"},{"taxonomy":"product_cat","embeddable":true,"href":"https:\/\/westlocason.com\/index.php\/wp-json\/wp\/v2\/product_cat?post=862"},{"taxonomy":"product_tag","embeddable":true,"href":"https:\/\/westlocason.com\/index.php\/wp-json\/wp\/v2\/product_tag?post=862"}],"curies":[{"name":"wp","href":"https:\/\/api.w.org\/{rel}","templated":true}]}}