{"id":860,"date":"2024-07-24T12:25:56","date_gmt":"2024-07-24T10:25:56","guid":{"rendered":"https:\/\/westlocason.com\/?post_type=product&#038;p=860"},"modified":"2024-08-07T14:27:15","modified_gmt":"2024-08-07T12:27:15","slug":"yamaha-dbr10","status":"publish","type":"product","link":"https:\/\/westlocason.com\/index.php\/produit\/yamaha-dbr10\/","title":{"rendered":"Yamaha &#8211; DBR10"},"content":{"rendered":"<div>La Yamaha DBR10 est une enceinte amplifie 2 voies, \u00e9quipe d&rsquo;un Woofer de 10&Prime; et d&rsquo;un haut-parleur HF de 1&Prime;. Son amplificateur de Class D dlivre une puissance de 700 Watts. Avec un son haute d\u00e9finition, un mixeur 2 canaux int\u00e9gr\u00e9, un DSP 48 bits et filtrage FIR-X pour seulement 10.5 kg, la Yamaha DBR 10 va r\u00e9volutionner le milieu des enceintes actives en ABS<\/div>\n","protected":false},"excerpt":{"rendered":"<p>La Yamaha DBR10 est une enceinte amplifie 2 voies, \u00e9quipe d&rsquo;un Woofer de 10&Prime; et d&rsquo;un haut-parleur HF de 1&Prime;. Son amplificateur de Class D dlivre une puissance de 700 Watts. Avec un son haute d\u00e9finition, un mixeur 2 canaux int\u00e9gr\u00e9, un DSP 48 bits et filtrage FIR-X pour seulement 10.5 kg, la Yamaha DBR [&hellip;]<\/p>\n","protected":false},"featured_media":861,"comment_status":"open","ping_status":"closed","template":"","meta":[],"product_brand":[],"product_cat":[21],"product_tag":[],"class_list":{"0":"post-860","1":"product","2":"type-product","3":"status-publish","4":"has-post-thumbnail","6":"product_cat-sonorisation","8":"first","9":"instock","10":"shipping-taxable","11":"purchasable","12":"product-type-simple"},"_links":{"self":[{"href":"https:\/\/westlocason.com\/index.php\/wp-json\/wp\/v2\/product\/860","targetHints":{"allow":["GET"]}}],"collection":[{"href":"https:\/\/westlocason.com\/index.php\/wp-json\/wp\/v2\/product"}],"about":[{"href":"https:\/\/westlocason.com\/index.php\/wp-json\/wp\/v2\/types\/product"}],"replies":[{"embeddable":true,"href":"https:\/\/westlocason.com\/index.php\/wp-json\/wp\/v2\/comments?post=860"}],"wp:featuredmedia":[{"embeddable":true,"href":"https:\/\/westlocason.com\/index.php\/wp-json\/wp\/v2\/media\/861"}],"wp:attachment":[{"href":"https:\/\/westlocason.com\/index.php\/wp-json\/wp\/v2\/media?parent=860"}],"wp:term":[{"taxonomy":"product_brand","embeddable":true,"href":"https:\/\/westlocason.com\/index.php\/wp-json\/wp\/v2\/product_brand?post=860"},{"taxonomy":"product_cat","embeddable":true,"href":"https:\/\/westlocason.com\/index.php\/wp-json\/wp\/v2\/product_cat?post=860"},{"taxonomy":"product_tag","embeddable":true,"href":"https:\/\/westlocason.com\/index.php\/wp-json\/wp\/v2\/product_tag?post=860"}],"curies":[{"name":"wp","href":"https:\/\/api.w.org\/{rel}","templated":true}]}}