{"id":848,"date":"2024-07-24T12:14:51","date_gmt":"2024-07-24T10:14:51","guid":{"rendered":"https:\/\/westlocason.com\/?post_type=product&#038;p=848"},"modified":"2024-08-07T14:29:50","modified_gmt":"2024-08-07T12:29:50","slug":"hk-audio-premium-pro-210-sub-a-caisson-de-basses-actif","status":"publish","type":"product","link":"https:\/\/westlocason.com\/index.php\/produit\/hk-audio-premium-pro-210-sub-a-caisson-de-basses-actif\/","title":{"rendered":"HK Audio Premium PR:O 210 SUB A caisson de basses actif"},"content":{"rendered":"<p>Ce caisson de basses actif PR:O 210 SUB A sign\u00e9 HK Audio produit un son punchy ! Il embarque un woofer de 10 pouces qui assure des graves puissants et profonds. Gr\u00e2ce \u00e0 l&rsquo;ampli st\u00e9r\u00e9o int\u00e9gr\u00e9 et aux diff\u00e9rentes sorties, le PR:O 210 SUB A offre une grande polyvalence d&rsquo;utilisation. Il peut \u00eatre positionn\u00e9 horizontalement et verticalement pour une int\u00e9gration visuelle optimale. Au dos, vous trouverez deux sorties mid\/high ainsi qu&rsquo;un s\u00e9parateur de fr\u00e9quence r\u00e9glable. Ceux-ci vous permettent de cr\u00e9er un syst\u00e8me sono 2.1 compos\u00e9 d&rsquo;enceintes satellites qui n&rsquo;ont pas besoin d&rsquo;\u00eatre \u00e9quip\u00e9es de filtres. De par sa petite taille, ce caisson de basses HK Audio PR:O 210 SUB A saura parfaitement trouver sa place dans un espace r\u00e9duit.<\/p>\n","protected":false},"excerpt":{"rendered":"<p>Ce caisson de basses actif PR:O 210 SUB A sign\u00e9 HK Audio produit un son punchy ! Il embarque un woofer de 10 pouces qui assure des graves puissants et profonds. Gr\u00e2ce \u00e0 l&rsquo;ampli st\u00e9r\u00e9o int\u00e9gr\u00e9 et aux diff\u00e9rentes sorties, le PR:O 210 SUB A offre une grande polyvalence d&rsquo;utilisation. Il peut \u00eatre positionn\u00e9 horizontalement [&hellip;]<\/p>\n","protected":false},"featured_media":849,"comment_status":"open","ping_status":"closed","template":"","meta":[],"product_brand":[],"product_cat":[21],"product_tag":[],"class_list":{"0":"post-848","1":"product","2":"type-product","3":"status-publish","4":"has-post-thumbnail","6":"product_cat-sonorisation","8":"first","9":"instock","10":"shipping-taxable","11":"purchasable","12":"product-type-simple"},"_links":{"self":[{"href":"https:\/\/westlocason.com\/index.php\/wp-json\/wp\/v2\/product\/848","targetHints":{"allow":["GET"]}}],"collection":[{"href":"https:\/\/westlocason.com\/index.php\/wp-json\/wp\/v2\/product"}],"about":[{"href":"https:\/\/westlocason.com\/index.php\/wp-json\/wp\/v2\/types\/product"}],"replies":[{"embeddable":true,"href":"https:\/\/westlocason.com\/index.php\/wp-json\/wp\/v2\/comments?post=848"}],"wp:featuredmedia":[{"embeddable":true,"href":"https:\/\/westlocason.com\/index.php\/wp-json\/wp\/v2\/media\/849"}],"wp:attachment":[{"href":"https:\/\/westlocason.com\/index.php\/wp-json\/wp\/v2\/media?parent=848"}],"wp:term":[{"taxonomy":"product_brand","embeddable":true,"href":"https:\/\/westlocason.com\/index.php\/wp-json\/wp\/v2\/product_brand?post=848"},{"taxonomy":"product_cat","embeddable":true,"href":"https:\/\/westlocason.com\/index.php\/wp-json\/wp\/v2\/product_cat?post=848"},{"taxonomy":"product_tag","embeddable":true,"href":"https:\/\/westlocason.com\/index.php\/wp-json\/wp\/v2\/product_tag?post=848"}],"curies":[{"name":"wp","href":"https:\/\/api.w.org\/{rel}","templated":true}]}}