{"id":846,"date":"2024-07-24T12:10:08","date_gmt":"2024-07-24T10:10:08","guid":{"rendered":"https:\/\/westlocason.com\/?post_type=product&#038;p=846"},"modified":"2024-08-07T14:30:24","modified_gmt":"2024-08-07T12:30:24","slug":"nicols-roto-curve","status":"publish","type":"product","link":"https:\/\/westlocason.com\/index.php\/produit\/nicols-roto-curve\/","title":{"rendered":"AFX 9 BEAM FX"},"content":{"rendered":"<p><iframe title=\"9beam fx\" width=\"800\" height=\"450\" src=\"https:\/\/www.youtube.com\/embed\/wPCZbR17rwQ?feature=oembed\" frameborder=\"0\" allow=\"accelerometer; autoplay; clipboard-write; encrypted-media; gyroscope; picture-in-picture; web-share\" referrerpolicy=\"strict-origin-when-cross-origin\" allowfullscreen><\/iframe><\/p>\n<p>Projecteur LED \u00e0 triples barres motoris\u00e9es permettant de couvrir une grande surface d&rsquo;\u00e9clairage.<\/p>\n<ul>\n<li>LED 9X 12W RGBW<\/li>\n<li>Mode DMX \/ AUTO \/ SON<\/li>\n<\/ul>\n","protected":false},"excerpt":{"rendered":"<p>Projecteur LED \u00e0 triples barres motoris\u00e9es permettant de couvrir une grande surface d&rsquo;\u00e9clairage. LED 9X 12W RGBW Mode DMX \/ AUTO \/ SON<\/p>\n","protected":false},"featured_media":847,"comment_status":"open","ping_status":"closed","template":"","meta":[],"product_brand":[],"product_cat":[18],"product_tag":[],"class_list":{"0":"post-846","1":"product","2":"type-product","3":"status-publish","4":"has-post-thumbnail","6":"product_cat-lumiere","8":"first","9":"instock","10":"shipping-taxable","11":"purchasable","12":"product-type-simple"},"_links":{"self":[{"href":"https:\/\/westlocason.com\/index.php\/wp-json\/wp\/v2\/product\/846","targetHints":{"allow":["GET"]}}],"collection":[{"href":"https:\/\/westlocason.com\/index.php\/wp-json\/wp\/v2\/product"}],"about":[{"href":"https:\/\/westlocason.com\/index.php\/wp-json\/wp\/v2\/types\/product"}],"replies":[{"embeddable":true,"href":"https:\/\/westlocason.com\/index.php\/wp-json\/wp\/v2\/comments?post=846"}],"wp:featuredmedia":[{"embeddable":true,"href":"https:\/\/westlocason.com\/index.php\/wp-json\/wp\/v2\/media\/847"}],"wp:attachment":[{"href":"https:\/\/westlocason.com\/index.php\/wp-json\/wp\/v2\/media?parent=846"}],"wp:term":[{"taxonomy":"product_brand","embeddable":true,"href":"https:\/\/westlocason.com\/index.php\/wp-json\/wp\/v2\/product_brand?post=846"},{"taxonomy":"product_cat","embeddable":true,"href":"https:\/\/westlocason.com\/index.php\/wp-json\/wp\/v2\/product_cat?post=846"},{"taxonomy":"product_tag","embeddable":true,"href":"https:\/\/westlocason.com\/index.php\/wp-json\/wp\/v2\/product_tag?post=846"}],"curies":[{"name":"wp","href":"https:\/\/api.w.org\/{rel}","templated":true}]}}