{"id":842,"date":"2024-07-24T12:03:36","date_gmt":"2024-07-24T10:03:36","guid":{"rendered":"https:\/\/westlocason.com\/?post_type=product&#038;p=842"},"modified":"2024-08-07T14:31:37","modified_gmt":"2024-08-07T12:31:37","slug":"gravity-ms-23-pied-de-micro-a-base-ronde","status":"publish","type":"product","link":"https:\/\/westlocason.com\/index.php\/produit\/gravity-ms-23-pied-de-micro-a-base-ronde\/","title":{"rendered":"Gravity MS 23 pied de micro \u00e0 base ronde"},"content":{"rendered":"<p><span class=\"db mt20 grid-100\">Le Gravity MS 23 est un pied de micro disponible en noir et en blanc. Sa base ronde assure une excellente stabilit\u00e9 et poss\u00e8de c\u00f4t\u00e9 sol un rev\u00eatement antid\u00e9rapant en mousse pour la protection de la surface de pose. Sa hauteur est r\u00e9glable jusqu&rsquo;\u00e0 160 cm via la molette en ABS r\u00e9sistant, laquelle est munie d&rsquo;une finition \u00ab soft touch \u00bb pour une manipulation confortable. De plus, le MS 23 est compatible avec le syst\u00e8me Variweight, une technologie utilisant des disques pour am\u00e9liorer la stabilit\u00e9 du pied. Le MS 23 est livr\u00e9 avec un jeu de bagues noires ; d&rsquo;autres couleurs sont disponibles pour un marquage personnalis\u00e9.<\/span><\/p>\n","protected":false},"excerpt":{"rendered":"<p>Le Gravity MS 23 est un pied de micro disponible en noir et en blanc. Sa base ronde assure une excellente stabilit\u00e9 et poss\u00e8de c\u00f4t\u00e9 sol un rev\u00eatement antid\u00e9rapant en mousse pour la protection de la surface de pose. Sa hauteur est r\u00e9glable jusqu&rsquo;\u00e0 160 cm via la molette en ABS r\u00e9sistant, laquelle est munie [&hellip;]<\/p>\n","protected":false},"featured_media":843,"comment_status":"open","ping_status":"closed","template":"","meta":[],"product_brand":[],"product_cat":[20],"product_tag":[],"class_list":{"0":"post-842","1":"product","2":"type-product","3":"status-publish","4":"has-post-thumbnail","6":"product_cat-accessoires","8":"first","9":"instock","10":"shipping-taxable","11":"purchasable","12":"product-type-simple"},"_links":{"self":[{"href":"https:\/\/westlocason.com\/index.php\/wp-json\/wp\/v2\/product\/842","targetHints":{"allow":["GET"]}}],"collection":[{"href":"https:\/\/westlocason.com\/index.php\/wp-json\/wp\/v2\/product"}],"about":[{"href":"https:\/\/westlocason.com\/index.php\/wp-json\/wp\/v2\/types\/product"}],"replies":[{"embeddable":true,"href":"https:\/\/westlocason.com\/index.php\/wp-json\/wp\/v2\/comments?post=842"}],"wp:featuredmedia":[{"embeddable":true,"href":"https:\/\/westlocason.com\/index.php\/wp-json\/wp\/v2\/media\/843"}],"wp:attachment":[{"href":"https:\/\/westlocason.com\/index.php\/wp-json\/wp\/v2\/media?parent=842"}],"wp:term":[{"taxonomy":"product_brand","embeddable":true,"href":"https:\/\/westlocason.com\/index.php\/wp-json\/wp\/v2\/product_brand?post=842"},{"taxonomy":"product_cat","embeddable":true,"href":"https:\/\/westlocason.com\/index.php\/wp-json\/wp\/v2\/product_cat?post=842"},{"taxonomy":"product_tag","embeddable":true,"href":"https:\/\/westlocason.com\/index.php\/wp-json\/wp\/v2\/product_tag?post=842"}],"curies":[{"name":"wp","href":"https:\/\/api.w.org\/{rel}","templated":true}]}}