{"id":840,"date":"2024-07-24T12:00:34","date_gmt":"2024-07-24T10:00:34","guid":{"rendered":"https:\/\/westlocason.com\/?post_type=product&#038;p=840"},"modified":"2024-08-26T11:57:02","modified_gmt":"2024-08-26T09:57:02","slug":"https-www-youtube-com-watchvftt1k-ctbaw","status":"publish","type":"product","link":"https:\/\/westlocason.com\/index.php\/produit\/https-www-youtube-com-watchvftt1k-ctbaw\/","title":{"rendered":"beamz s3500 10L de produit inclus."},"content":{"rendered":"<p><iframe title=\"Machine \u00e0 Fum\u00e9e S3500 BeamZ Pro\" width=\"800\" height=\"450\" src=\"https:\/\/www.youtube.com\/embed\/fTT1k-CtBaw?feature=oembed\" frameborder=\"0\" allow=\"accelerometer; autoplay; clipboard-write; encrypted-media; gyroscope; picture-in-picture; web-share\" referrerpolicy=\"strict-origin-when-cross-origin\" allowfullscreen><\/iframe><\/p>\n<p><span class=\"db mt20 grid-100\">Remplissez la salle d&rsquo;une grande quantit\u00e9 de fum\u00e9e avec la BeamZ S3500. Cette puissante machine dispose d&rsquo;un d\u00e9bit de fum\u00e9e variable qui vous permet de produire des effets aussi bien subtils que spectaculaires. Cette machine \u00e0 fum\u00e9e est contr\u00f4lable via DMX, mais vous pouvez \u00e9galement la faire fonctionner via le panneau de commande int\u00e9gr\u00e9 avec \u00e9cran LCD ou via la t\u00e9l\u00e9commande sans fil incluse. Le volume de couverture de la BeamZ S3500 d\u00e9passe les 1 200 m3 par minute, ce qui signifie que la machine \u00e0 fum\u00e9e est adapt\u00e9e aux grands espaces !<\/span><\/p>\n","protected":false},"excerpt":{"rendered":"<p><a href=\"https:\/\/www.youtube.com\/watch?v=fTT1k-CtBaw\">https:\/\/www.youtube.com\/watch?v=fTT1k-CtBaw<\/a><\/p>\n","protected":false},"featured_media":841,"comment_status":"open","ping_status":"closed","template":"","meta":[],"product_brand":[],"product_cat":[22],"product_tag":[],"class_list":{"0":"post-840","1":"product","2":"type-product","3":"status-publish","4":"has-post-thumbnail","6":"product_cat-effets","8":"first","9":"instock","10":"shipping-taxable","11":"purchasable","12":"product-type-simple"},"_links":{"self":[{"href":"https:\/\/westlocason.com\/index.php\/wp-json\/wp\/v2\/product\/840","targetHints":{"allow":["GET"]}}],"collection":[{"href":"https:\/\/westlocason.com\/index.php\/wp-json\/wp\/v2\/product"}],"about":[{"href":"https:\/\/westlocason.com\/index.php\/wp-json\/wp\/v2\/types\/product"}],"replies":[{"embeddable":true,"href":"https:\/\/westlocason.com\/index.php\/wp-json\/wp\/v2\/comments?post=840"}],"wp:featuredmedia":[{"embeddable":true,"href":"https:\/\/westlocason.com\/index.php\/wp-json\/wp\/v2\/media\/841"}],"wp:attachment":[{"href":"https:\/\/westlocason.com\/index.php\/wp-json\/wp\/v2\/media?parent=840"}],"wp:term":[{"taxonomy":"product_brand","embeddable":true,"href":"https:\/\/westlocason.com\/index.php\/wp-json\/wp\/v2\/product_brand?post=840"},{"taxonomy":"product_cat","embeddable":true,"href":"https:\/\/westlocason.com\/index.php\/wp-json\/wp\/v2\/product_cat?post=840"},{"taxonomy":"product_tag","embeddable":true,"href":"https:\/\/westlocason.com\/index.php\/wp-json\/wp\/v2\/product_tag?post=840"}],"curies":[{"name":"wp","href":"https:\/\/api.w.org\/{rel}","templated":true}]}}