{"id":838,"date":"2024-07-24T11:53:59","date_gmt":"2024-07-24T09:53:59","guid":{"rendered":"https:\/\/westlocason.com\/?post_type=product&#038;p=838"},"modified":"2024-08-07T14:32:04","modified_gmt":"2024-08-07T12:32:04","slug":"https-www-youtube-com-watchvvfqjxpktgt4","status":"publish","type":"product","link":"https:\/\/westlocason.com\/index.php\/produit\/https-www-youtube-com-watchvvfqjxpktgt4\/","title":{"rendered":"DDJ REV 7"},"content":{"rendered":"<p><iframe title=\"DDJ-REV7: Official walkthrough Pioneer DJ Scratch style 2-channel professional DJ controller\" width=\"800\" height=\"450\" src=\"https:\/\/www.youtube.com\/embed\/VfQjxpkTgT4?feature=oembed\" frameborder=\"0\" allow=\"accelerometer; autoplay; clipboard-write; encrypted-media; gyroscope; picture-in-picture; web-share\" referrerpolicy=\"strict-origin-when-cross-origin\" allowfullscreen><\/iframe><\/p>\n<p>Le DDJ-REV7 a \u00e9t\u00e9 con\u00e7u pour vous aider \u00e0 tirer le meilleur parti du logiciel de performance Serato DJ Pro et rekordbox, et pr\u00e9sente un tout nouveau design comprenant de grands jogs motoris\u00e9s avec \u00e9crans On Jog Display, pour cr\u00e9er une connexion r\u00e9ellement tactile entre vous et votre musique. La pr\u00e9sentation de cet appareil \u00e0 2 voies refl\u00e8te celle d&rsquo;une table de mixage professionnelle DJM-S et de platines vinyles PLX, avec des fonctions sp\u00e9cialis\u00e9es pour les DJ pratiquant le scratch et ceux mixant en open format.<\/p>\n","protected":false},"excerpt":{"rendered":"<p>Le DDJ-REV7 a \u00e9t\u00e9 con\u00e7u pour vous aider \u00e0 tirer le meilleur parti du logiciel de performance Serato DJ Pro et rekordbox, et pr\u00e9sente un tout nouveau design comprenant de grands jogs motoris\u00e9s avec \u00e9crans On Jog Display, pour cr\u00e9er une connexion r\u00e9ellement tactile entre vous et votre musique. La pr\u00e9sentation de cet appareil \u00e0 [&hellip;]<\/p>\n","protected":false},"featured_media":839,"comment_status":"open","ping_status":"closed","template":"","meta":[],"product_brand":[],"product_cat":[19],"product_tag":[],"class_list":{"0":"post-838","1":"product","2":"type-product","3":"status-publish","4":"has-post-thumbnail","6":"product_cat-set-dj","8":"first","9":"instock","10":"shipping-taxable","11":"purchasable","12":"product-type-simple"},"_links":{"self":[{"href":"https:\/\/westlocason.com\/index.php\/wp-json\/wp\/v2\/product\/838","targetHints":{"allow":["GET"]}}],"collection":[{"href":"https:\/\/westlocason.com\/index.php\/wp-json\/wp\/v2\/product"}],"about":[{"href":"https:\/\/westlocason.com\/index.php\/wp-json\/wp\/v2\/types\/product"}],"replies":[{"embeddable":true,"href":"https:\/\/westlocason.com\/index.php\/wp-json\/wp\/v2\/comments?post=838"}],"wp:featuredmedia":[{"embeddable":true,"href":"https:\/\/westlocason.com\/index.php\/wp-json\/wp\/v2\/media\/839"}],"wp:attachment":[{"href":"https:\/\/westlocason.com\/index.php\/wp-json\/wp\/v2\/media?parent=838"}],"wp:term":[{"taxonomy":"product_brand","embeddable":true,"href":"https:\/\/westlocason.com\/index.php\/wp-json\/wp\/v2\/product_brand?post=838"},{"taxonomy":"product_cat","embeddable":true,"href":"https:\/\/westlocason.com\/index.php\/wp-json\/wp\/v2\/product_cat?post=838"},{"taxonomy":"product_tag","embeddable":true,"href":"https:\/\/westlocason.com\/index.php\/wp-json\/wp\/v2\/product_tag?post=838"}],"curies":[{"name":"wp","href":"https:\/\/api.w.org\/{rel}","templated":true}]}}