{"id":836,"date":"2024-07-24T11:49:44","date_gmt":"2024-07-24T09:49:44","guid":{"rendered":"https:\/\/westlocason.com\/?post_type=product&#038;p=836"},"modified":"2024-08-07T14:33:06","modified_gmt":"2024-08-07T12:33:06","slug":"https-www-youtube-com-watchvzjuabc2gsdo","status":"publish","type":"product","link":"https:\/\/westlocason.com\/index.php\/produit\/https-www-youtube-com-watchvzjuabc2gsdo\/","title":{"rendered":"DJM S9"},"content":{"rendered":"<p><iframe title=\"Pioneer DJ DJM-S9 Official Introduction\" width=\"800\" height=\"450\" src=\"https:\/\/www.youtube.com\/embed\/zjUABC2GsDo?feature=oembed\" frameborder=\"0\" allow=\"accelerometer; autoplay; clipboard-write; encrypted-media; gyroscope; picture-in-picture; web-share\" referrerpolicy=\"strict-origin-when-cross-origin\" allowfullscreen><\/iframe><\/p>\n<p><span class=\"BxUVEf ILfuVd\" lang=\"fr\"><span class=\"hgKElc\">La Pioneer <b>DJM<\/b>&#8211;<b>S9<\/b> est une table de mixage DJ professionnelle 2 canaux sp\u00e9ciale battle, con\u00e7ue pour Serato DJ. Elle est \u00e9quip\u00e9e de deux cartes sons USB certifi\u00e9es Serato, d&rsquo;une r\u00e9solution haute qualit\u00e9 24 bit\/48kHz, de 16 pads de performance, et d&rsquo;une section filtre d\u00e9di\u00e9e.<\/span><\/span><\/p>\n","protected":false},"excerpt":{"rendered":"<p>La Pioneer DJM&#8211;S9 est une table de mixage DJ professionnelle 2 canaux sp\u00e9ciale battle, con\u00e7ue pour Serato DJ. Elle est \u00e9quip\u00e9e de deux cartes sons USB certifi\u00e9es Serato, d&rsquo;une r\u00e9solution haute qualit\u00e9 24 bit\/48kHz, de 16 pads de performance, et d&rsquo;une section filtre d\u00e9di\u00e9e.<\/p>\n","protected":false},"featured_media":837,"comment_status":"open","ping_status":"closed","template":"","meta":[],"product_brand":[],"product_cat":[19],"product_tag":[],"class_list":{"0":"post-836","1":"product","2":"type-product","3":"status-publish","4":"has-post-thumbnail","6":"product_cat-set-dj","8":"first","9":"instock","10":"shipping-taxable","11":"purchasable","12":"product-type-simple"},"_links":{"self":[{"href":"https:\/\/westlocason.com\/index.php\/wp-json\/wp\/v2\/product\/836","targetHints":{"allow":["GET"]}}],"collection":[{"href":"https:\/\/westlocason.com\/index.php\/wp-json\/wp\/v2\/product"}],"about":[{"href":"https:\/\/westlocason.com\/index.php\/wp-json\/wp\/v2\/types\/product"}],"replies":[{"embeddable":true,"href":"https:\/\/westlocason.com\/index.php\/wp-json\/wp\/v2\/comments?post=836"}],"wp:featuredmedia":[{"embeddable":true,"href":"https:\/\/westlocason.com\/index.php\/wp-json\/wp\/v2\/media\/837"}],"wp:attachment":[{"href":"https:\/\/westlocason.com\/index.php\/wp-json\/wp\/v2\/media?parent=836"}],"wp:term":[{"taxonomy":"product_brand","embeddable":true,"href":"https:\/\/westlocason.com\/index.php\/wp-json\/wp\/v2\/product_brand?post=836"},{"taxonomy":"product_cat","embeddable":true,"href":"https:\/\/westlocason.com\/index.php\/wp-json\/wp\/v2\/product_cat?post=836"},{"taxonomy":"product_tag","embeddable":true,"href":"https:\/\/westlocason.com\/index.php\/wp-json\/wp\/v2\/product_tag?post=836"}],"curies":[{"name":"wp","href":"https:\/\/api.w.org\/{rel}","templated":true}]}}