{"id":270,"date":"2024-07-15T18:26:35","date_gmt":"2024-07-15T16:26:35","guid":{"rendered":"https:\/\/westlocason.fr\/?page_id=270"},"modified":"2024-07-23T20:51:12","modified_gmt":"2024-07-23T18:51:12","slug":"conditions-dutilisation-et-cgv","status":"publish","type":"page","link":"https:\/\/westlocason.com\/index.php\/conditions-dutilisation-et-cgv\/","title":{"rendered":"Conditions d\u2019utilisation et CGV"},"content":{"rendered":"\t\t<div data-elementor-type=\"wp-page\" data-elementor-id=\"270\" class=\"elementor elementor-270\">\n\t\t\t\t<div class=\"elementor-element elementor-element-b09f821 e-flex e-con-boxed e-con e-parent\" data-id=\"b09f821\" data-element_type=\"container\" data-e-type=\"container\">\n\t\t\t\t\t<div class=\"e-con-inner\">\n\t\t\t\t<div class=\"elementor-element elementor-element-81ffc44 elementor-widget elementor-widget-text-editor\" data-id=\"81ffc44\" data-element_type=\"widget\" data-e-type=\"widget\" data-widget_type=\"text-editor.default\">\n\t\t\t\t<div class=\"elementor-widget-container\">\n\t\t\t\t\t\t\t\t\t<h1>Conditions g\u00e9n\u00e9rales de location de Mat\u00e9riel Festif<\/h1><div class=\"textSousTitre-page\"><p>En confiant un mat\u00e9riel, LE LOUEUR s\u2019engage envers LE LOCATAIRE qui s\u2019engage en retour dans les conditions g\u00e9n\u00e9rales contractuelles qui sont expos\u00e9es ci-apr\u00e8s.<\/p><\/div><div class=\"cgl_cgr-page row\"><ul class=\"nav nav-pills nav-stacked\"><li>1 &#8211; D\u00c9FINITIONS<\/li><li>2 &#8211; CONDITIONS \u00c0 REMPLIR POUR LOUER<\/li><li>3 &#8211; UTILISATION DU MAT\u00c9RIEL<\/li><li>4 &#8211; DUR\u00c9E DE LA LOCATION<\/li><li>5 &#8211; PRIX DE LA LOCATION<\/li><li>6 &#8211; RESPONSABILIT\u00c9 ET GARANTIES<\/li><li>7 &#8211; FORCE MAJEURE<\/li><\/ul><div id=\"link_1\" class=\"block\"><div class=\"block-title\"><h2>1 &#8211; D\u00c9FINITIONS<\/h2><p><a href=\"https:\/\/www.ulocation.com\/accueil\/conditions-generales-de-locati-2.html#top\"> <span class=\"button-text\">Haut de page<\/span> <i class=\"button-icon fa fa-angle-up\"><\/i> <\/a><\/p><\/div><div class=\"block-content\"><p><b>\u00ab Le LOCATAIRE \u00bb : <\/b>personne physique ou morale au nom de laquelle est \u00e9tabli le contrat de location.<\/p><p><b>\u00ab Le LOUEUR \u00bb : <\/b>soci\u00e9t\u00e9 qui figure sur le contrat de location.<\/p><p><b>\u00abLe MAT\u00c9RIEL \u00bb : <\/b>mat\u00e9riels d\u2019animation, accessoires, sonorisation et\/ou \u00e9clairage et\/ou vid\u00e9oprojecteur et toute autre cat\u00e9gorie de produits, lou\u00e9s pour la dur\u00e9e du contrat de location.<\/p><p><b>\u00ab DOMMAGES \u00bb : <\/b>tout d\u00e9g\u00e2t survenu au MAT\u00c9RIEL.<\/p><p><b>\u00ab VOL \u00bb : <\/b>est assimil\u00e9 au vol le vandalisme, le vol d\u2019accessoires et la tentative de vol.<\/p><p>Le MAT\u00c9RIEL lou\u00e9 est la propri\u00e9t\u00e9 du LOUEUR.<\/p><\/div><\/div><div id=\"link_2\" class=\"block\"><div class=\"block-title\"><h2>2 &#8211; CONDITIONS \u00c0 REMPLIR POUR LOUER<\/h2><p><a href=\"https:\/\/www.ulocation.com\/accueil\/conditions-generales-de-locati-2.html#top\"> <span class=\"button-text\">Haut de page<\/span> <i class=\"button-icon fa fa-angle-up\"><\/i> <\/a><\/p><\/div><div class=\"block-content\"><p>Le LOCATAIRE doit fournir et justifier des informations indispensables \u00e0 l\u2019\u00e9tablissement du contrat de location \u00e0 savoir : son identit\u00e9, \u00e2ge et adresse. Toute location implique l\u2019acceptation sans restriction des pr\u00e9sentes conditions de location.<\/p><p>La LOCATION ne pourra \u00eatre consentie qu\u2019\u00e0 une personne majeure (18 ans r\u00e9volus).<\/p><\/div><\/div><div id=\"link_3\" class=\"block\"><div class=\"block-title\"><h2>3 &#8211; UTILISATION DU MAT\u00c9RIEL<\/h2><p><a href=\"https:\/\/www.ulocation.com\/accueil\/conditions-generales-de-locati-2.html#top\"> <span class=\"button-text\">Haut de page<\/span> <i class=\"button-icon fa fa-angle-up\"><\/i> <\/a><\/p><\/div><div class=\"block-content\"><h2><strong>3.1\u00a0 \u00c9tat du mat\u00e9riel<\/strong><\/h2><p>Le MAT\u00c9RIEL, ses \u00e9ventuels accessoires et consommables sont fournis au LOCATAIRE en parfait \u00e9tat de fonctionnement. Une fiche \u00e9tat des lieux de d\u00e9part sera \u00e9tablie et sign\u00e9e par les parties lors de la mise \u00e0 disposition du MAT\u00c9RIEL au LOCATAIRE. Elle indique l\u2019\u00e9tat descriptif du MAT\u00c9RIEL au d\u00e9part. Le LOCATAIRE doit signaler au LOUEUR, avant son d\u00e9part, toute d\u00e9fectuosit\u00e9 apparente qui n\u2019y figurerait pas afin que ces constats soient rajout\u00e9s sur la fiche d\u2019\u00e9tat des lieux par le LOUEUR.\u00a0 \u00c0 d\u00e9faut, le LOUEUR est r\u00e9put\u00e9 avoir d\u00e9livr\u00e9 un MATERIEL conforme \u00e0 l\u2019\u00e9tat descriptif et ne pourra pas tenir compte de r\u00e9clamations concernant des d\u00e9g\u00e2ts apparents qui n\u2019auront pas \u00e9t\u00e9 signal\u00e9s au moment du d\u00e9part et mentionn\u00e9s sur la fiche d\u2019\u00e9tat des lieux.<\/p><p>Le MATERIEL est remis propre au LOCATAIRE. Le MATERIEL doit \u00eatre rendu dans l\u2019\u00e9tat o\u00f9 il a \u00e9t\u00e9 re\u00e7u. Une fiche \u00e9tat des lieux de retour est \u00e9tablie et sign\u00e9e au retour du MATERIEL.<\/p><h2><strong>3.2 Usage du mat\u00e9riel<\/strong><\/h2><p>Le LOCATAIRE s\u2019engage \u00e0 utiliser le MAT\u00c9RIEL conform\u00e9ment aux conditions pr\u00e9vues dans la notice d\u2019utilisation du MAT\u00c9RIEL remise par le LOUEUR. Le LOUEUR n\u2019assume aucune responsabilit\u00e9 directe ou indirecte en raison de d\u00e9fauts de fonctionnement, ou dommages survenus suite \u00e0 une utilisation non-conforme du MAT\u00c9RIEL par le LOCATAIRE au regard de la notice d\u2019utilisation. L\u2019installation, le montage et le d\u00e9montage du MAT\u00c9RIEL sont effectu\u00e9s sous la responsabilit\u00e9 du LOCATAIRE, conform\u00e9ment aux conditions pr\u00e9vues dans la notice d\u2019utilisation.<\/p><p>En aucun cas le LOCATAIRE ne peut sous-louer tout ou partie du MAT\u00c9RIEL \u00e0 un tiers. En aucun cas, le LOCATAIRE ne pourra modifier le MAT\u00c9RIEL de quelque mani\u00e8re que ce soit.<\/p><p>Le LOCATAIRE doit prendre toutes les mesures n\u00e9cessaires pour assurer la s\u00e9curit\u00e9 du public lors de l\u2019utilisation du MAT\u00c9RIEL, notamment en respectant les consignes de la notice d\u2019utilisation du MAT\u00c9RIEL ainsi que les diff\u00e9rentes r\u00e8glementations en vigueur, notamment les \u00a0dispositions de l\u2019arr\u00eat\u00e9 du 25 juin 1980 portant approbation des dispositions g\u00e9n\u00e9rales r\u00e8glement de s\u00e9curit\u00e9 contre les risques d\u2019incendie et de panique dans les \u00e9tablissements recevant du public. En cas d\u2019anomalies et\/ou dysfonctionnements constat\u00e9s sur le MAT\u00c9RIEL, le LOCATAIRE devra imm\u00e9diatement cesser son utilisation et en avertir le LOUEUR.<\/p><p>Le LOCATAIRE est inform\u00e9 que le MAT\u00c9RIEL en location doit \u00eatre utilis\u00e9 avec des consommables adapt\u00e9s et est responsable de tout dommage survenu en raison d\u2019une utilisation de consommables inappropri\u00e9s.<\/p><h2><strong>3.3\u00a0 Pannes, r\u00e9parations<\/strong><\/h2><p>En cas de panne, le LOCATAIRE doit en informer le LOUEUR par t\u00e9l\u00e9phone dans les meilleurs d\u00e9lais. Il doit imm\u00e9diatement cesser d\u2019utiliser le MAT\u00c9RIEL et le rapporter au LOUEUR qui proc\u00e9dera le cas \u00e9ch\u00e9ant aux r\u00e9parations n\u00e9cessaires. Aucune r\u00e9paration ne peut \u00eatre entreprise par le LOCATAIRE \u00e0 sa propre initiative. Les r\u00e9parations dues \u00e0 une utilisation non conforme, un accident ou \u00e0 une n\u00e9gligence du LOCATAIRE sont \u00e0 la charge du LOCATAIRE.<\/p><\/div><\/div><div id=\"link_4\" class=\"block\"><div class=\"block-title\"><h2>4 &#8211; DUR\u00c9E DE LA LOCATION<\/h2><p><a href=\"https:\/\/www.ulocation.com\/accueil\/conditions-generales-de-locati-2.html#top\"> <span class=\"button-text\">Haut de page<\/span> <i class=\"button-icon fa fa-angle-up\"><\/i> <\/a><\/p><\/div><div class=\"block-content\"><p><strong>4.1 R\u00c9SERVATION<\/strong><\/p><p>La r\u00e9servation pourra \u00eatre annul\u00e9e sans frais par le\u00a0LOCATAIRE avant la date pr\u00e9vue de mise \u00e0 disposition du MAT\u00c9RIEL.<\/p><p>Le LOCATAIRE souhaitant annuler sa r\u00e9servation devra en informer le LOUEUR\u00a0par mail ou par courrier en renvoyant le formulaire d\u2019annulation ci-apr\u00e8s, \u00e0 l\u2019adresse du point de vente figurant sur le mail de confirmation de r\u00e9servation, afin de lui faire part de sa d\u00e9cision d\u2019annulation, dans un d\u00e9lai de 14 jours \u00e0 compter de la conclusion du contrat. L\u2019annulation de la location effectu\u00e9e avant la date de mise \u00e0 disposition convenue n\u2019entra\u00eenera pas de frais \u00e0 la charge du LOCATAIRE. Dans le cas o\u00f9 le co\u00fbt estim\u00e9 de la location aurait \u00e9t\u00e9 r\u00e9gl\u00e9 par le LOCATAIRE totalement ou partiellement \u00e0 l\u2019occasion de la r\u00e9servation, les sommes vers\u00e9es \u00e0 cette occasion seront restitu\u00e9es par le LOUEUR au LOCATAIRE dans un d\u00e9lai maximum de 8 jours \u00e0 compter de la notification de l\u2019annulation.<\/p><p>En cas d\u2019indisponibilit\u00e9 du MAT\u00c9RIEL r\u00e9serv\u00e9 r\u00e9sultant d\u2019un cas de force majeure, aucune indemnit\u00e9 ne sera due par le LOUEUR au LOCATAIRE.<\/p><h2><strong>4.2 Calcul de la dur\u00e9e<\/strong><\/h2><p>La dur\u00e9e de location du MAT\u00c9RIEL se calcule par tranches de 24 heures. Le LOCATAIRE s\u2019engage \u00e0 restituer le MAT\u00c9RIEL au LOUEUR \u00e0 la date et heure pr\u00e9vues au contrat de location sous peine de s\u2019exposer \u00e0 des poursuites judiciaires civiles et p\u00e9nales. Au-del\u00e0 de 1 heure de d\u00e9passement de l\u2019horaire de restitution convenu, le LOCATAIRE se verra facturer une journ\u00e9e de location suppl\u00e9mentaire par tranche de retard entam\u00e9e ainsi qu\u2019une p\u00e9nalit\u00e9 forfaitaire de retard de 50 euros \u00e0 partir de\u00a0 24h de retard.<\/p><p>Toute demande de location de journ\u00e9e(s) suppl\u00e9mentaire(s) devra faire l\u2019objet d\u2019une nouvelle r\u00e9servation, pr\u00e9alablement accept\u00e9e par le LOUEUR et donnera lieu \u00e0 la conclusion d\u2019un nouveau contrat de location dans les locaux du\u00a0 LOUEUR.\u00a0<\/p><p>En l\u2019absence d\u2019accord \u00e9crit pour une \u00e9ventuelle prolongation, et sauf cas de force majeure, le LOUEUR se r\u00e9serve le droit de reprendre le MATERIEL en quelque lieu o\u00f9 il se trouve au frais du LOCATAIRE.<\/p><h2><strong>4.3 Fin de location<\/strong><\/h2><p>La location se termine par la restitution du MATERIEL dans les locaux du LOUEUR.<\/p><p>Le MAT\u00c9RIEL doit \u00eatre rendu dans l\u2019\u00e9tat o\u00f9 il a \u00e9t\u00e9 re\u00e7u, propre, correctement rang\u00e9, avec tous les accessoires et \u00e9quipements.<\/p><p>A d\u00e9faut, le co\u00f9t du nettoyage pourra \u00eatre factur\u00e9 au LOCATAIRE selon un forfait de 70 euros TTC.<\/p><p>Le MAT\u00c9RIEL devra \u00eatre restitu\u00e9 au LOUEUR pendant les heures d\u2019ouverture de ce dernier. Une fiche \u00e9tat des lieux est sign\u00e9e au retour du MAT\u00c9RIEL.<\/p><p>Il ne peut y avoir de retour partiel.<\/p><p>Tous les frais de remise en \u00e9tat, rendus n\u00e9cessaires par le fait du LOCATAIRE et justifi\u00e9s sur la base d\u2019un devis, communiqu\u00e9 au LOCATAIRE, lui seront factur\u00e9s.<\/p><p>Dans l\u2019hypoth\u00e8se o\u00f9 la restitution n\u00e9cessiterait, du fait du LOCATAIRE, un rapatriement, les frais correspondants seront factur\u00e9s au LOCATAIRE. La responsabilit\u00e9 du LOCATAIRE est engag\u00e9e jusqu\u2019\u00e0 la fin du contrat de location, sauf force majeure. Toute utilisation du MATERIEL qui porterait pr\u00e9judice au LOUEUR autoriserait celui-ci \u00e0 r\u00e9silier de plein droit le contrat.<\/p><p>En cas de vol, le contrat de location est arr\u00eat\u00e9 d\u00e8s transmission au LOUEUR du d\u00e9p\u00f4t de plainte effectu\u00e9 par le LOCATAIRE aupr\u00e8s des autorit\u00e9s comp\u00e9tentes.<\/p><\/div><\/div><div id=\"link_5\" class=\"block\"><div class=\"block-title\"><h2>5 &#8211; PRIX DE LA LOCATION<\/h2><p><a href=\"https:\/\/www.ulocation.com\/accueil\/conditions-generales-de-locati-2.html#top\"> <span class=\"button-text\">Haut de page<\/span> <i class=\"button-icon fa fa-angle-up\"><\/i> <\/a><\/p><\/div><div class=\"block-content\"><h2><strong>5.1 Paiement<\/strong><\/h2><p>Le co\u00fbt estim\u00e9 de la location, devra \u00eatre pay\u00e9 par le LOCATAIRE\u00a0 int\u00e9gralement lors de la r\u00e9servation. Le d\u00e9p\u00f4t de garantie sera effectu\u00e9\u00a0 par le LOCATAIRE au plus tard lors de la mise \u00e0 disposition du MAT\u00c9RIEL au moyen d\u2019une pr\u00e9-autorisation par carte bancaire au nom et pr\u00e9nom du LOCATAIRE.<\/p><p>Le co\u00fbt de la location est calcul\u00e9 selon les tarifs en vigueur lors de la r\u00e9servation.<\/p><h2><strong>5.2 Le d\u00e9p\u00f4t de garantie<\/strong><\/h2><p>Le montant du d\u00e9p\u00f4t de garantie est indiqu\u00e9, sur le contrat de location. Il est destin\u00e9 \u00e0 garantir le LOUEUR du paiement de l\u2019ensemble des sommes dont le LOCATAIRE serait redevable au titre de l\u2019ensemble des obligations souscrites dans le cadre de la location. En l\u2019absence de toute somme due par le LOCATAIRE au LOUEUR,\u00a0 le d\u00e9p\u00f4t de garantie lui sera restitu\u00e9 dans un d\u00e9lai maximum de 8 jours \u00e0 compter de la fin de la location le cas \u00e9ch\u00e9ant sous forme d\u2019annulation de la pr\u00e9-autorisation bancaire donn\u00e9e au plus tard lors de la mise \u00e0 disposition du v\u00e9hicule. Dans le cas o\u00f9 le LOCATAIRE serait redevable envers le LOUEUR de sommes au titre du pr\u00e9sent contrat, le LOCATAIRE autorise express\u00e9ment le LOUEUR \u00e0 retenir les sommes dues sur le d\u00e9p\u00f4t de garantie en en justifiant le montant.<\/p><h2><strong>5.3 Retard de paiement<\/strong><\/h2><p><span lang=\"EN-GB\">Si le<\/span><span lang=\"EN-GB\"> LOCATAIRE est un professionnel conform\u00e9ment aux dispositions de l\u2019article L.441-10 du Code de commerce, tout retard de paiement, m\u00eame partiel, entrainera de plein droit, outre la facturation d&rsquo;une indemnit\u00e9 forfaitaire ne pouvant d\u00e9passer 40 euros pour frais de recouvrement, l\u2019application de p\u00e9nalit\u00e9s de retard \u00e9gales \u00e0 trois (3) fois le taux d\u2019int\u00e9r\u00eat l\u00e9gal en vigueur applicable par jour ouvr\u00e9 de retard \u00e0 compter du lendemain du jour de l&rsquo;\u00e9ch\u00e9ance, jusqu&rsquo;\u00e0 complet paiement de la facture. <\/span><\/p><\/div><\/div><div id=\"link_6\" class=\"block\"><div class=\"block-title\"><h2>6 &#8211; RESPONSABILIT\u00c9 ET GARANTIES<\/h2><p><a href=\"https:\/\/www.ulocation.com\/accueil\/conditions-generales-de-locati-2.html#top\"> <span class=\"button-text\">Haut de page<\/span> <i class=\"button-icon fa fa-angle-up\"><\/i> <\/a><\/p><\/div><div class=\"block-content\"><p>Le LOCATAIRE est responsable du MAT\u00c9RIEL, dont il a la garde, \u00e0 compter de la mise \u00e0 disposition du MAT\u00c9RIEL, telle que mentionn\u00e9e dans l\u2019\u00e9tat des lieux et jusqu\u2019\u00e0 la restitution effective du MAT\u00c9RIEL par le LOCATAIRE au LOUEUR. Pendant la dur\u00e9e de la location, le LOCATAIRE sera responsable de tous dommages caus\u00e9s au MAT\u00c9RIEL ainsi que de tous dommages caus\u00e9s par l\u2019utilisation du MAT\u00c9RIEL pour toutes causes \u00e9trang\u00e8res au fait du LOUEUR.<\/p><\/div><\/div><div id=\"link_7\" class=\"block\"><div class=\"block-title\"><h2>7 &#8211; FORCE MAJEURE<\/h2><p><a href=\"https:\/\/www.ulocation.com\/accueil\/conditions-generales-de-locati-2.html#top\"> <span class=\"button-text\">Haut de page<\/span> <i class=\"button-icon fa fa-angle-up\"><\/i> <\/a><\/p><\/div><div class=\"block-content\"><p>Le LOUEUR ou le LOCATAIRE ne pourront \u00eatre tenus pour responsables si la non-ex\u00e9cution ou le retard dans l\u2019ex\u00e9cution de l\u2019une quelconque de leurs obligations d\u00e9coule d\u2019un cas de force majeure, tel qu\u2019il est d\u00e9fini \u00e0 l\u2019article 1218 du Code civil et interpr\u00e9t\u00e9 par la jurisprudence.<\/p><p>La partie qui invoque la force majeure devra informer sans d\u00e9lai l\u2019autre partie par \u00e9crit, de la dur\u00e9e et des cons\u00e9quences pr\u00e9visibles de l\u2019\u00e9v\u00e9nement constitutif de force majeure.<\/p><\/div><\/div><\/div>\t\t\t\t\t\t\t\t<\/div>\n\t\t\t\t<\/div>\n\t\t\t\t\t<\/div>\n\t\t\t\t<\/div>\n\t\t\t\t<\/div>\n\t\t","protected":false},"excerpt":{"rendered":"<p>Conditions g\u00e9n\u00e9rales de location de Mat\u00e9riel Festif En confiant un mat\u00e9riel, LE LOUEUR s\u2019engage envers LE LOCATAIRE qui s\u2019engage en retour dans les conditions g\u00e9n\u00e9rales contractuelles qui sont expos\u00e9es ci-apr\u00e8s. 1 &#8211; D\u00c9FINITIONS 2 &#8211; CONDITIONS \u00c0 REMPLIR POUR LOUER 3 &#8211; UTILISATION DU MAT\u00c9RIEL 4 &#8211; DUR\u00c9E DE LA LOCATION 5 &#8211; PRIX DE [&hellip;]<\/p>\n","protected":false},"author":1,"featured_media":0,"parent":0,"menu_order":0,"comment_status":"closed","ping_status":"closed","template":"","meta":{"footnotes":""},"class_list":["post-270","page","type-page","status-publish","hentry"],"_links":{"self":[{"href":"https:\/\/westlocason.com\/index.php\/wp-json\/wp\/v2\/pages\/270","targetHints":{"allow":["GET"]}}],"collection":[{"href":"https:\/\/westlocason.com\/index.php\/wp-json\/wp\/v2\/pages"}],"about":[{"href":"https:\/\/westlocason.com\/index.php\/wp-json\/wp\/v2\/types\/page"}],"author":[{"embeddable":true,"href":"https:\/\/westlocason.com\/index.php\/wp-json\/wp\/v2\/users\/1"}],"replies":[{"embeddable":true,"href":"https:\/\/westlocason.com\/index.php\/wp-json\/wp\/v2\/comments?post=270"}],"version-history":[{"count":16,"href":"https:\/\/westlocason.com\/index.php\/wp-json\/wp\/v2\/pages\/270\/revisions"}],"predecessor-version":[{"id":834,"href":"https:\/\/westlocason.com\/index.php\/wp-json\/wp\/v2\/pages\/270\/revisions\/834"}],"wp:attachment":[{"href":"https:\/\/westlocason.com\/index.php\/wp-json\/wp\/v2\/media?parent=270"}],"curies":[{"name":"wp","href":"https:\/\/api.w.org\/{rel}","templated":true}]}}