{"id":259,"date":"2024-07-15T18:16:15","date_gmt":"2024-07-15T16:16:15","guid":{"rendered":"https:\/\/westlocason.fr\/?page_id=259"},"modified":"2024-08-17T12:40:41","modified_gmt":"2024-08-17T10:40:41","slug":"mentions-legales","status":"publish","type":"page","link":"https:\/\/westlocason.com\/index.php\/mentions-legales\/","title":{"rendered":"Mentions l\u00e9gales"},"content":{"rendered":"\t\t<div data-elementor-type=\"wp-page\" data-elementor-id=\"259\" class=\"elementor elementor-259\">\n\t\t\t\t<div class=\"elementor-element elementor-element-99841cf e-flex e-con-boxed e-con e-parent\" data-id=\"99841cf\" data-element_type=\"container\" data-e-type=\"container\">\n\t\t\t\t\t<div class=\"e-con-inner\">\n\t\t\t\t<div class=\"elementor-element elementor-element-04bc1ba elementor-widget elementor-widget-text-editor\" data-id=\"04bc1ba\" data-element_type=\"widget\" data-e-type=\"widget\" data-widget_type=\"text-editor.default\">\n\t\t\t\t<div class=\"elementor-widget-container\">\n\t\t\t\t\t\t\t\t\t<p><\/p>\n<div id=\"bgLayers_comp-laqxijzc\" class=\"MW5IWV\" data-hook=\"bgLayers\" data-motion-part=\"BG_LAYER\">\n<div id=\"bgMedia_comp-laqxijzc\" class=\"VgO9Yg\" data-motion-part=\"BG_MEDIA\">\n<h1 class=\"font_2 wixui-rich-text__text wp-block-heading\"><span class=\"wixui-rich-text__text\">Mentions l\u00e9gales<\/span><\/h1>\n<\/div>\n<\/div>\n<div class=\"\" data-mesh-id=\"comp-laqxijzcinlineContent\" data-testid=\"inline-content\">\n<div data-mesh-id=\"comp-laqxijzcinlineContent-gridContainer\" data-testid=\"mesh-container-content\">\n<div id=\"comp-l6keoc1g\" class=\"HcOXKn c9GqVL QxJLC3 comp-l6keoc1g wixui-rich-text\" data-testid=\"richTextElement\">Propri\u00e9taire<\/div>\n<div id=\"comp-l6keoc1r1\" class=\"HcOXKn c9GqVL QxJLC3 comp-l6keoc1r1 wixui-rich-text\" data-testid=\"richTextElement\">\n<p class=\"font_8 wixui-rich-text__text\">WESTLOCASON<br class=\"wixui-rich-text__text\" \/>AUTO ENTREPRENEUR<br class=\"wixui-rich-text__text\" \/>RCS Nantes 9 3041516100015<br class=\"wixui-rich-text__text\" \/>Si\u00e8ge social : 11 LE BROSSAIS MALVILLE 44260<br class=\"wixui-rich-text__text\" \/>Tel : 06-60-06-02-82<\/p>\n<\/div>\n<\/div>\n<\/div>\t\t\t\t\t\t\t\t<\/div>\n\t\t\t\t<\/div>\n\t\t\t\t\t<\/div>\n\t\t\t\t<\/div>\n\t\t\t\t<\/div>\n\t\t","protected":false},"excerpt":{"rendered":"<p>Mentions l\u00e9gales Propri\u00e9taire WESTLOCASONAUTO ENTREPRENEURRCS Nantes 9 3041516100015Si\u00e8ge social : 11 LE BROSSAIS MALVILLE 44260Tel : 06-60-06-02-82<\/p>\n","protected":false},"author":1,"featured_media":0,"parent":0,"menu_order":0,"comment_status":"closed","ping_status":"closed","template":"","meta":{"footnotes":""},"class_list":["post-259","page","type-page","status-publish","hentry"],"_links":{"self":[{"href":"https:\/\/westlocason.com\/index.php\/wp-json\/wp\/v2\/pages\/259","targetHints":{"allow":["GET"]}}],"collection":[{"href":"https:\/\/westlocason.com\/index.php\/wp-json\/wp\/v2\/pages"}],"about":[{"href":"https:\/\/westlocason.com\/index.php\/wp-json\/wp\/v2\/types\/page"}],"author":[{"embeddable":true,"href":"https:\/\/westlocason.com\/index.php\/wp-json\/wp\/v2\/users\/1"}],"replies":[{"embeddable":true,"href":"https:\/\/westlocason.com\/index.php\/wp-json\/wp\/v2\/comments?post=259"}],"version-history":[{"count":13,"href":"https:\/\/westlocason.com\/index.php\/wp-json\/wp\/v2\/pages\/259\/revisions"}],"predecessor-version":[{"id":1112,"href":"https:\/\/westlocason.com\/index.php\/wp-json\/wp\/v2\/pages\/259\/revisions\/1112"}],"wp:attachment":[{"href":"https:\/\/westlocason.com\/index.php\/wp-json\/wp\/v2\/media?parent=259"}],"curies":[{"name":"wp","href":"https:\/\/api.w.org\/{rel}","templated":true}]}}